{"id":169,"date":"2023-08-01T19:18:48","date_gmt":"2023-08-01T17:18:48","guid":{"rendered":"https:\/\/michaelwidhalm.com\/?page_id=169"},"modified":"2025-05-26T16:48:04","modified_gmt":"2025-05-26T14:48:04","slug":"about-me","status":"publish","type":"page","link":"https:\/\/michaelwidhalm.com\/de\/about-me\/","title":{"rendered":"\u00dcber mich"},"content":{"rendered":"\t\t<div data-elementor-type=\"wp-page\" data-elementor-id=\"169\" class=\"elementor elementor-169\" data-elementor-post-type=\"page\">\n\t\t\t\t<div class=\"elementor-element elementor-element-8ee45e5 elementor-hidden-mobile e-flex e-con-boxed e-con e-parent\" data-id=\"8ee45e5\" data-element_type=\"container\" data-e-type=\"container\">\n\t\t\t\t\t<div class=\"e-con-inner\">\n\t\t<div class=\"elementor-element elementor-element-6b64d2a e-con-full e-flex e-con e-child\" data-id=\"6b64d2a\" data-element_type=\"container\" data-e-type=\"container\">\n\t\t\t\t<div class=\"elementor-element elementor-element-31a3c42 animated-slow elementor-invisible elementor-widget elementor-widget-image\" data-id=\"31a3c42\" data-element_type=\"widget\" data-e-type=\"widget\" data-settings=\"{&quot;_animation&quot;:&quot;bounceInLeft&quot;,&quot;_animation_delay&quot;:0}\" data-widget_type=\"image.default\">\n\t\t\t\t<div class=\"elementor-widget-container\">\n\t\t\t\t\t\t\t\t\t\t\t\t\t\t\t<img fetchpriority=\"high\" decoding=\"async\" width=\"1411\" height=\"1536\" src=\"https:\/\/michaelwidhalm.com\/wp-content\/uploads\/2024\/08\/meme-1411x1536.png\" class=\"attachment-1536x1536 size-1536x1536 wp-image-2011\" alt=\"\" srcset=\"https:\/\/michaelwidhalm.com\/wp-content\/uploads\/2024\/08\/meme-1411x1536.png 1411w, https:\/\/michaelwidhalm.com\/wp-content\/uploads\/2024\/08\/meme-400x435.png 400w, https:\/\/michaelwidhalm.com\/wp-content\/uploads\/2024\/08\/meme-600x653.png 600w, https:\/\/michaelwidhalm.com\/wp-content\/uploads\/2024\/08\/meme-276x300.png 276w, https:\/\/michaelwidhalm.com\/wp-content\/uploads\/2024\/08\/meme-941x1024.png 941w, https:\/\/michaelwidhalm.com\/wp-content\/uploads\/2024\/08\/meme-768x836.png 768w, https:\/\/michaelwidhalm.com\/wp-content\/uploads\/2024\/08\/meme-1882x2048.png 1882w, https:\/\/michaelwidhalm.com\/wp-content\/uploads\/2024\/08\/meme-11x12.png 11w\" sizes=\"(max-width: 1411px) 100vw, 1411px\" \/>\t\t\t\t\t\t\t\t\t\t\t\t\t\t\t<\/div>\n\t\t\t\t<\/div>\n\t\t\t\t<\/div>\n\t\t<div class=\"elementor-element elementor-element-eea536a e-con-full e-flex e-con e-child\" data-id=\"eea536a\" data-element_type=\"container\" data-e-type=\"container\">\n\t\t\t\t<div class=\"elementor-element elementor-element-bd10e9e elementor-widget elementor-widget-text-editor\" data-id=\"bd10e9e\" data-element_type=\"widget\" data-e-type=\"widget\" data-widget_type=\"text-editor.default\">\n\t\t\t\t<div class=\"elementor-widget-container\">\n\t\t\t\t\t\t\t\t\t<div><p>Hey!<\/p><\/div>\t\t\t\t\t\t\t\t<\/div>\n\t\t\t\t<\/div>\n\t\t\t\t<div class=\"elementor-element elementor-element-821c0bf elementor-widget elementor-widget-text-editor\" data-id=\"821c0bf\" data-element_type=\"widget\" data-e-type=\"widget\" data-widget_type=\"text-editor.default\">\n\t\t\t\t<div class=\"elementor-widget-container\">\n\t\t\t\t\t\t\t\t\t<div><p>Ich bin Keramiker aus Wien, und schon so lange ich denken kann, begeistern mich kreative T\u00e4tigkeiten. Mein Weg begann zwar als Tischler, denn urspr\u00fcnglich wollte ich M\u00f6bel bauen. Aber, wie das Leben so spielt (und mit ein bisschen Hilfe von Ton), habe ich schlie\u00dflich eine andere Richtung eingeschlagen. Schon w\u00e4hrend meiner Tischlerausbildung war die Werkstatt mein absoluter Lieblingsort, und das fr\u00fche Aufstehen fiel mir selbst als Teenager nicht mehr so schwer \u2013 und das will was hei\u00dfen!<\/p><\/div><div><p>Nach meinem Abschluss als Tischlergeselle sollte es eigentlich mit Innenraumgestaltung weitergehen. Doch dann kam die gro\u00dfe Erkenntnis: Holz ist sch\u00f6n, aber Ton? Das ist echte Liebe! Also habe ich mich ganz der Keramik verschrieben. Vielleicht hat mich die Profession meines Vaters auch einwenig beeinflusst, da dieser auch bereits Keramiker war.<\/p><\/div>\t\t\t\t\t\t\t\t<\/div>\n\t\t\t\t<\/div>\n\t\t\t\t<\/div>\n\t\t\t\t\t<\/div>\n\t\t\t\t<\/div>\n\t\t<div class=\"elementor-element elementor-element-3f0eb5b elementor-hidden-mobile e-flex e-con-boxed e-con e-parent\" data-id=\"3f0eb5b\" data-element_type=\"container\" data-e-type=\"container\">\n\t\t\t\t\t<div class=\"e-con-inner\">\n\t\t<div class=\"elementor-element elementor-element-3035893 e-con-full e-flex e-con e-child\" data-id=\"3035893\" data-element_type=\"container\" data-e-type=\"container\">\n\t\t\t\t<div class=\"elementor-element elementor-element-f417798 elementor-widget elementor-widget-text-editor\" data-id=\"f417798\" data-element_type=\"widget\" data-e-type=\"widget\" data-widget_type=\"text-editor.default\">\n\t\t\t\t<div class=\"elementor-widget-container\">\n\t\t\t\t\t\t\t\t\t<div><p>Seine Arbeit hat mich schon fr\u00fch fasziniert, und noch w\u00e4hrend der Ausbildung habe ich angefangen, meine eigenen Glasuren zu mixen und die ersten schiefen, aber stolzen T\u00f6pferwerke zu produzieren.<\/p><p>Ich habe meine Ausbildung zum Keramikergesellen an einer Fachschule absolviert. Durch diesem Abschluss habe ich zus\u00e4tzlich die Qualifikationen als Hafner- und Fliesenlegergeselle erworben.<\/p><p>Neben der Schule konnte ich in unserem Familienunternehmen ebenfalls Erfahrung sammeln und meinen eigenen Stil weiterentwickeln.<\/p><\/div><div><p>Nur kurze Zeit nach meinem Abschluss entschloss ich mich, den Schritt in die Selbstst\u00e4ndigkeit zu wagen. Und hier bin ich nun \u2013 voller Leidenschaft, mit einem Abschluss als Keramikermeister in der Tasche und einer riesigen Begeisterung f\u00fcr Ton und kreative Gestaltung.\u00a0<\/p><p>Es gibt nichts Sch\u00f6neres f\u00fcr mich, als den Ton zum Leben zu erwecken und meine Ideen mit anderen zu teilen.<\/p><\/div>\t\t\t\t\t\t\t\t<\/div>\n\t\t\t\t<\/div>\n\t\t\t\t<\/div>\n\t\t<div class=\"elementor-element elementor-element-8c70baf e-con-full e-flex e-con e-child\" data-id=\"8c70baf\" data-element_type=\"container\" data-e-type=\"container\">\n\t\t\t\t<div class=\"elementor-element elementor-element-34ff415 animated-slow elementor-invisible elementor-widget elementor-widget-image\" data-id=\"34ff415\" data-element_type=\"widget\" data-e-type=\"widget\" data-settings=\"{&quot;_animation&quot;:&quot;bounceInRight&quot;}\" data-widget_type=\"image.default\">\n\t\t\t\t<div class=\"elementor-widget-container\">\n\t\t\t\t\t\t\t\t\t\t\t\t\t\t\t<img decoding=\"async\" width=\"1206\" height=\"1536\" src=\"https:\/\/michaelwidhalm.com\/wp-content\/uploads\/2024\/09\/Haende-1206x1536.png\" class=\"attachment-1536x1536 size-1536x1536 wp-image-2144\" alt=\"\" srcset=\"https:\/\/michaelwidhalm.com\/wp-content\/uploads\/2024\/09\/Haende-1206x1536.png 1206w, https:\/\/michaelwidhalm.com\/wp-content\/uploads\/2024\/09\/Haende-e1728565137452-10x12.png 10w\" sizes=\"(max-width: 1206px) 100vw, 1206px\" \/>\t\t\t\t\t\t\t\t\t\t\t\t\t\t\t<\/div>\n\t\t\t\t<\/div>\n\t\t\t\t<\/div>\n\t\t\t\t\t<\/div>\n\t\t\t\t<\/div>\n\t\t<div class=\"elementor-element elementor-element-46d3725 elementor-hidden-desktop e-flex e-con-boxed e-con e-parent\" data-id=\"46d3725\" data-element_type=\"container\" data-e-type=\"container\">\n\t\t\t\t\t<div class=\"e-con-inner\">\n\t\t\t\t<div class=\"elementor-element elementor-element-101e223 elementor-widget elementor-widget-image\" data-id=\"101e223\" data-element_type=\"widget\" data-e-type=\"widget\" data-widget_type=\"image.default\">\n\t\t\t\t<div class=\"elementor-widget-container\">\n\t\t\t\t\t\t\t\t\t\t\t\t\t\t\t<img decoding=\"async\" width=\"1152\" height=\"1536\" src=\"https:\/\/michaelwidhalm.com\/wp-content\/uploads\/2024\/10\/meee-mobile-2-1152x1536.jpg\" class=\"attachment-1536x1536 size-1536x1536 wp-image-3009\" alt=\"\" srcset=\"https:\/\/michaelwidhalm.com\/wp-content\/uploads\/2024\/10\/meee-mobile-2-1152x1536.jpg 1152w, https:\/\/michaelwidhalm.com\/wp-content\/uploads\/2024\/10\/meee-mobile-2-400x533.jpg 400w, https:\/\/michaelwidhalm.com\/wp-content\/uploads\/2024\/10\/meee-mobile-2-600x800.jpg 600w, https:\/\/michaelwidhalm.com\/wp-content\/uploads\/2024\/10\/meee-mobile-2-225x300.jpg 225w, https:\/\/michaelwidhalm.com\/wp-content\/uploads\/2024\/10\/meee-mobile-2-768x1024.jpg 768w, https:\/\/michaelwidhalm.com\/wp-content\/uploads\/2024\/10\/meee-mobile-2-1536x2048.jpg 1536w, https:\/\/michaelwidhalm.com\/wp-content\/uploads\/2024\/10\/meee-mobile-2-9x12.jpg 9w, https:\/\/michaelwidhalm.com\/wp-content\/uploads\/2024\/10\/meee-mobile-2.jpg 1831w\" sizes=\"(max-width: 1152px) 100vw, 1152px\" \/>\t\t\t\t\t\t\t\t\t\t\t\t\t\t\t<\/div>\n\t\t\t\t<\/div>\n\t\t\t\t<div class=\"elementor-element elementor-element-276c689 elementor-widget elementor-widget-text-editor\" data-id=\"276c689\" data-element_type=\"widget\" data-e-type=\"widget\" data-widget_type=\"text-editor.default\">\n\t\t\t\t<div class=\"elementor-widget-container\">\n\t\t\t\t\t\t\t\t\t<p>Hey!<\/p>\t\t\t\t\t\t\t\t<\/div>\n\t\t\t\t<\/div>\n\t\t\t\t<div class=\"elementor-element elementor-element-e7b7a22 elementor-widget elementor-widget-text-editor\" data-id=\"e7b7a22\" data-element_type=\"widget\" data-e-type=\"widget\" data-widget_type=\"text-editor.default\">\n\t\t\t\t<div class=\"elementor-widget-container\">\n\t\t\t\t\t\t\t\t\t<div><p>Ich bin Keramiker aus Wien, und schon so lange ich denken kann, begeistern mich kreative T\u00e4tigkeiten. Mein Weg begann zwar als Tischler, denn urspr\u00fcnglich wollte ich M\u00f6bel bauen. Aber, wie das Leben so spielt (und mit ein bisschen Hilfe von Ton), habe ich schlie\u00dflich eine andere Richtung eingeschlagen. Schon w\u00e4hrend meiner Tischlerausbildung war die Werkstatt mein absoluter Lieblingsort, und das fr\u00fche Aufstehen fiel mir selbst als Teenager nicht mehr so schwer \u2013 und das will was hei\u00dfen!<\/p><\/div><div><p>Nach meinem Abschluss als Tischlergeselle sollte es eigentlich mit Innenraumgestaltung weitergehen. Doch dann kam die gro\u00dfe Erkenntnis: Holz ist sch\u00f6n, aber Ton? Das ist echte Liebe! Also habe ich mich ganz der Keramik verschrieben. Vielleicht hat mich die Profession meines Vaters auch einwenig beeinflusst, da dieser auch bereits Keramiker war.<\/p><div><p>Seine Arbeit hat mich schon fr\u00fch fasziniert, und noch w\u00e4hrend der Ausbildung habe ich angefangen, meine eigenen Glasuren zu mixen und die ersten schiefen, aber stolzen T\u00f6pferwerke zu produzieren.<\/p><p>Ich habe meine Ausbildung zum Keramikergesellen an einer Fachschule absolviert. Durch diesem Abschluss habe ich zus\u00e4tzlich die Qualifikationen als Hafner- und Fliesenlegergeselle erworben.<\/p><p>Neben der Schule konnte ich in unserem Familienunternehmen ebenfalls Erfahrung sammeln und meinen eigenen Stil weiterentwickeln.<\/p><\/div><div><p>Nur kurze Zeit nach meinem Abschluss entschloss ich mich, den Schritt in die Selbstst\u00e4ndigkeit zu wagen. Und hier bin ich nun \u2013 voller Leidenschaft, mit einem Abschluss als Keramikermeister in der Tasche und einer riesigen Begeisterung f\u00fcr Ton und kreative Gestaltung.\u00a0<\/p><p>Es gibt nichts Sch\u00f6neres f\u00fcr mich, als den Ton zum Leben zu erwecken und meine Ideen mit anderen zu teilen.<\/p><\/div><\/div>\t\t\t\t\t\t\t\t<\/div>\n\t\t\t\t<\/div>\n\t\t\t\t<div class=\"elementor-element elementor-element-8d4df03 elementor-widget elementor-widget-image\" data-id=\"8d4df03\" data-element_type=\"widget\" data-e-type=\"widget\" data-widget_type=\"image.default\">\n\t\t\t\t<div class=\"elementor-widget-container\">\n\t\t\t\t\t\t\t\t\t\t\t\t\t\t\t<img loading=\"lazy\" decoding=\"async\" width=\"800\" height=\"377\" src=\"https:\/\/michaelwidhalm.com\/wp-content\/uploads\/2024\/10\/TOOLSai-1024x483.jpg\" class=\"attachment-large size-large wp-image-2962\" alt=\"\" srcset=\"https:\/\/michaelwidhalm.com\/wp-content\/uploads\/2024\/10\/TOOLSai-1024x483.jpg 1024w, https:\/\/michaelwidhalm.com\/wp-content\/uploads\/2024\/10\/TOOLSai-scaled-400x189.jpg 400w, https:\/\/michaelwidhalm.com\/wp-content\/uploads\/2024\/10\/TOOLSai-scaled-600x283.jpg 600w, https:\/\/michaelwidhalm.com\/wp-content\/uploads\/2024\/10\/TOOLSai-300x141.jpg 300w, https:\/\/michaelwidhalm.com\/wp-content\/uploads\/2024\/10\/TOOLSai-768x362.jpg 768w, https:\/\/michaelwidhalm.com\/wp-content\/uploads\/2024\/10\/TOOLSai-1536x724.jpg 1536w, https:\/\/michaelwidhalm.com\/wp-content\/uploads\/2024\/10\/TOOLSai-2048x965.jpg 2048w, https:\/\/michaelwidhalm.com\/wp-content\/uploads\/2024\/10\/TOOLSai-18x8.jpg 18w\" sizes=\"(max-width: 800px) 100vw, 800px\" \/>\t\t\t\t\t\t\t\t\t\t\t\t\t\t\t<\/div>\n\t\t\t\t<\/div>\n\t\t\t\t\t<\/div>\n\t\t\t\t<\/div>\n\t\t<div class=\"elementor-element elementor-element-6f39275 elementor-hidden-mobile e-flex e-con-boxed e-con e-parent\" data-id=\"6f39275\" data-element_type=\"container\" data-e-type=\"container\">\n\t\t\t\t\t<div class=\"e-con-inner\">\n\t\t\t\t<div class=\"elementor-element elementor-element-045e0c5 elementor-widget elementor-widget-image\" data-id=\"045e0c5\" data-element_type=\"widget\" data-e-type=\"widget\" data-widget_type=\"image.default\">\n\t\t\t\t<div class=\"elementor-widget-container\">\n\t\t\t\t\t\t\t\t\t\t\t\t\t\t\t<img loading=\"lazy\" decoding=\"async\" width=\"800\" height=\"377\" src=\"https:\/\/michaelwidhalm.com\/wp-content\/uploads\/2024\/10\/TOOLSai-1024x483.jpg\" class=\"attachment-large size-large wp-image-2962\" alt=\"\" srcset=\"https:\/\/michaelwidhalm.com\/wp-content\/uploads\/2024\/10\/TOOLSai-1024x483.jpg 1024w, https:\/\/michaelwidhalm.com\/wp-content\/uploads\/2024\/10\/TOOLSai-scaled-400x189.jpg 400w, https:\/\/michaelwidhalm.com\/wp-content\/uploads\/2024\/10\/TOOLSai-scaled-600x283.jpg 600w, https:\/\/michaelwidhalm.com\/wp-content\/uploads\/2024\/10\/TOOLSai-300x141.jpg 300w, https:\/\/michaelwidhalm.com\/wp-content\/uploads\/2024\/10\/TOOLSai-768x362.jpg 768w, https:\/\/michaelwidhalm.com\/wp-content\/uploads\/2024\/10\/TOOLSai-1536x724.jpg 1536w, https:\/\/michaelwidhalm.com\/wp-content\/uploads\/2024\/10\/TOOLSai-2048x965.jpg 2048w, https:\/\/michaelwidhalm.com\/wp-content\/uploads\/2024\/10\/TOOLSai-18x8.jpg 18w\" sizes=\"(max-width: 800px) 100vw, 800px\" \/>\t\t\t\t\t\t\t\t\t\t\t\t\t\t\t<\/div>\n\t\t\t\t<\/div>\n\t\t\t\t\t<\/div>\n\t\t\t\t<\/div>\n\t\t\t\t<\/div>\n\t\t","protected":false},"excerpt":{"rendered":"<p>Hey! Ich bin Keramiker aus Wien, und schon so lange ich denken kann, begeistern mich kreative T\u00e4tigkeiten. Mein Weg begann zwar als Tischler, denn urspr\u00fcnglich wollte ich M\u00f6bel bauen. Aber, wie das Leben so spielt (und mit ein bisschen Hilfe von Ton), habe ich schlie\u00dflich eine andere Richtung eingeschlagen. Schon w\u00e4hrend meiner Tischlerausbildung war die [&hellip;]<\/p>\n","protected":false},"author":1,"featured_media":0,"parent":0,"menu_order":0,"comment_status":"closed","ping_status":"closed","template":"elementor_header_footer","meta":{"_acf_changed":false,"footnotes":""},"class_list":["post-169","page","type-page","status-publish","hentry"],"acf":[],"yoast_head":"<!-- This site is optimized with the Yoast SEO plugin v27.4 - https:\/\/yoast.com\/product\/yoast-seo-wordpress\/ -->\n<title>\u00dcber mich - Michael Widhalm<\/title>\n<meta name=\"robots\" content=\"index, follow, max-snippet:-1, max-image-preview:large, max-video-preview:-1\" \/>\n<link rel=\"canonical\" href=\"https:\/\/michaelwidhalm.com\/de\/about-me\/\" \/>\n<meta property=\"og:locale\" content=\"de_DE\" \/>\n<meta property=\"og:type\" content=\"article\" \/>\n<meta property=\"og:title\" content=\"\u00dcber mich - Michael Widhalm\" \/>\n<meta property=\"og:description\" content=\"Hey! Ich bin Keramiker aus Wien, und schon so lange ich denken kann, begeistern mich kreative T\u00e4tigkeiten. Mein Weg begann zwar als Tischler, denn urspr\u00fcnglich wollte ich M\u00f6bel bauen. Aber, wie das Leben so spielt (und mit ein bisschen Hilfe von Ton), habe ich schlie\u00dflich eine andere Richtung eingeschlagen. Schon w\u00e4hrend meiner Tischlerausbildung war die [&hellip;]\" \/>\n<meta property=\"og:url\" content=\"https:\/\/michaelwidhalm.com\/de\/about-me\/\" \/>\n<meta property=\"og:site_name\" content=\"Michael Widhalm\" \/>\n<meta property=\"article:modified_time\" content=\"2025-05-26T14:48:04+00:00\" \/>\n<meta property=\"og:image\" content=\"https:\/\/michaelwidhalm.com\/wp-content\/uploads\/2024\/08\/meme-941x1024.png\" \/>\n\t<meta property=\"og:image:width\" content=\"941\" \/>\n\t<meta property=\"og:image:height\" content=\"1024\" \/>\n\t<meta property=\"og:image:type\" content=\"image\/png\" \/>\n<meta name=\"twitter:card\" content=\"summary_large_image\" \/>\n<meta name=\"twitter:label1\" content=\"Gesch\u00e4tzte Lesezeit\" \/>\n\t<meta name=\"twitter:data1\" content=\"4\u00a0Minuten\" \/>\n<script type=\"application\/ld+json\" class=\"yoast-schema-graph\">{\"@context\":\"https:\\\/\\\/schema.org\",\"@graph\":[{\"@type\":\"WebPage\",\"@id\":\"https:\\\/\\\/michaelwidhalm.com\\\/about-me\\\/\",\"url\":\"https:\\\/\\\/michaelwidhalm.com\\\/about-me\\\/\",\"name\":\"\u00dcber mich - Michael Widhalm\",\"isPartOf\":{\"@id\":\"https:\\\/\\\/michaelwidhalm.com\\\/#website\"},\"primaryImageOfPage\":{\"@id\":\"https:\\\/\\\/michaelwidhalm.com\\\/about-me\\\/#primaryimage\"},\"image\":{\"@id\":\"https:\\\/\\\/michaelwidhalm.com\\\/about-me\\\/#primaryimage\"},\"thumbnailUrl\":\"https:\\\/\\\/michaelwidhalm.com\\\/wp-content\\\/uploads\\\/2024\\\/08\\\/meme-1411x1536.png\",\"datePublished\":\"2023-08-01T17:18:48+00:00\",\"dateModified\":\"2025-05-26T14:48:04+00:00\",\"breadcrumb\":{\"@id\":\"https:\\\/\\\/michaelwidhalm.com\\\/about-me\\\/#breadcrumb\"},\"inLanguage\":\"de\",\"potentialAction\":[{\"@type\":\"ReadAction\",\"target\":[\"https:\\\/\\\/michaelwidhalm.com\\\/about-me\\\/\"]}]},{\"@type\":\"ImageObject\",\"inLanguage\":\"de\",\"@id\":\"https:\\\/\\\/michaelwidhalm.com\\\/about-me\\\/#primaryimage\",\"url\":\"https:\\\/\\\/michaelwidhalm.com\\\/wp-content\\\/uploads\\\/2024\\\/08\\\/meme-1411x1536.png\",\"contentUrl\":\"https:\\\/\\\/michaelwidhalm.com\\\/wp-content\\\/uploads\\\/2024\\\/08\\\/meme-1411x1536.png\"},{\"@type\":\"BreadcrumbList\",\"@id\":\"https:\\\/\\\/michaelwidhalm.com\\\/about-me\\\/#breadcrumb\",\"itemListElement\":[{\"@type\":\"ListItem\",\"position\":1,\"name\":\"Startseite\",\"item\":\"https:\\\/\\\/michaelwidhalm.com\\\/\"},{\"@type\":\"ListItem\",\"position\":2,\"name\":\"\u00dcber mich\"}]},{\"@type\":\"WebSite\",\"@id\":\"https:\\\/\\\/michaelwidhalm.com\\\/#website\",\"url\":\"https:\\\/\\\/michaelwidhalm.com\\\/\",\"name\":\"Michael Widhalm\",\"description\":\"Wiener Keramikermeister \\\/ VIennese Master Ceramicist\",\"publisher\":{\"@id\":\"https:\\\/\\\/michaelwidhalm.com\\\/#\\\/schema\\\/person\\\/08fe8f0e77e8154f72c968dabe69fd73\"},\"potentialAction\":[{\"@type\":\"SearchAction\",\"target\":{\"@type\":\"EntryPoint\",\"urlTemplate\":\"https:\\\/\\\/michaelwidhalm.com\\\/?s={search_term_string}\"},\"query-input\":{\"@type\":\"PropertyValueSpecification\",\"valueRequired\":true,\"valueName\":\"search_term_string\"}}],\"inLanguage\":\"de\"},{\"@type\":[\"Person\",\"Organization\"],\"@id\":\"https:\\\/\\\/michaelwidhalm.com\\\/#\\\/schema\\\/person\\\/08fe8f0e77e8154f72c968dabe69fd73\",\"name\":\"michaelwidhalm\",\"image\":{\"@type\":\"ImageObject\",\"inLanguage\":\"de\",\"@id\":\"https:\\\/\\\/michaelwidhalm.com\\\/wp-content\\\/uploads\\\/2023\\\/08\\\/mike-Kopie-Kopie.png\",\"url\":\"https:\\\/\\\/michaelwidhalm.com\\\/wp-content\\\/uploads\\\/2023\\\/08\\\/mike-Kopie-Kopie.png\",\"contentUrl\":\"https:\\\/\\\/michaelwidhalm.com\\\/wp-content\\\/uploads\\\/2023\\\/08\\\/mike-Kopie-Kopie.png\",\"width\":1958,\"height\":1917,\"caption\":\"michaelwidhalm\"},\"logo\":{\"@id\":\"https:\\\/\\\/michaelwidhalm.com\\\/wp-content\\\/uploads\\\/2023\\\/08\\\/mike-Kopie-Kopie.png\"},\"sameAs\":[\"http:\\\/\\\/michaelwidhalm.com\",\"https:\\\/\\\/www.instagram.com\\\/mikes_creations\\\/\"]}]}<\/script>\n<!-- \/ Yoast SEO plugin. -->","yoast_head_json":{"title":"\u00dcber mich - Michael Widhalm","robots":{"index":"index","follow":"follow","max-snippet":"max-snippet:-1","max-image-preview":"max-image-preview:large","max-video-preview":"max-video-preview:-1"},"canonical":"https:\/\/michaelwidhalm.com\/de\/about-me\/","og_locale":"de_DE","og_type":"article","og_title":"\u00dcber mich - Michael Widhalm","og_description":"Hey! Ich bin Keramiker aus Wien, und schon so lange ich denken kann, begeistern mich kreative T\u00e4tigkeiten. Mein Weg begann zwar als Tischler, denn urspr\u00fcnglich wollte ich M\u00f6bel bauen. Aber, wie das Leben so spielt (und mit ein bisschen Hilfe von Ton), habe ich schlie\u00dflich eine andere Richtung eingeschlagen. Schon w\u00e4hrend meiner Tischlerausbildung war die [&hellip;]","og_url":"https:\/\/michaelwidhalm.com\/de\/about-me\/","og_site_name":"Michael Widhalm","article_modified_time":"2025-05-26T14:48:04+00:00","og_image":[{"width":941,"height":1024,"url":"https:\/\/michaelwidhalm.com\/wp-content\/uploads\/2024\/08\/meme-941x1024.png","type":"image\/png"}],"twitter_card":"summary_large_image","twitter_misc":{"Gesch\u00e4tzte Lesezeit":"4\u00a0Minuten"},"schema":{"@context":"https:\/\/schema.org","@graph":[{"@type":"WebPage","@id":"https:\/\/michaelwidhalm.com\/about-me\/","url":"https:\/\/michaelwidhalm.com\/about-me\/","name":"\u00dcber mich - Michael Widhalm","isPartOf":{"@id":"https:\/\/michaelwidhalm.com\/#website"},"primaryImageOfPage":{"@id":"https:\/\/michaelwidhalm.com\/about-me\/#primaryimage"},"image":{"@id":"https:\/\/michaelwidhalm.com\/about-me\/#primaryimage"},"thumbnailUrl":"https:\/\/michaelwidhalm.com\/wp-content\/uploads\/2024\/08\/meme-1411x1536.png","datePublished":"2023-08-01T17:18:48+00:00","dateModified":"2025-05-26T14:48:04+00:00","breadcrumb":{"@id":"https:\/\/michaelwidhalm.com\/about-me\/#breadcrumb"},"inLanguage":"de","potentialAction":[{"@type":"ReadAction","target":["https:\/\/michaelwidhalm.com\/about-me\/"]}]},{"@type":"ImageObject","inLanguage":"de","@id":"https:\/\/michaelwidhalm.com\/about-me\/#primaryimage","url":"https:\/\/michaelwidhalm.com\/wp-content\/uploads\/2024\/08\/meme-1411x1536.png","contentUrl":"https:\/\/michaelwidhalm.com\/wp-content\/uploads\/2024\/08\/meme-1411x1536.png"},{"@type":"BreadcrumbList","@id":"https:\/\/michaelwidhalm.com\/about-me\/#breadcrumb","itemListElement":[{"@type":"ListItem","position":1,"name":"Startseite","item":"https:\/\/michaelwidhalm.com\/"},{"@type":"ListItem","position":2,"name":"\u00dcber mich"}]},{"@type":"WebSite","@id":"https:\/\/michaelwidhalm.com\/#website","url":"https:\/\/michaelwidhalm.com\/","name":"Michael Widhalm","description":"Wiener Keramikermeister \/ VIennese Master Ceramicist","publisher":{"@id":"https:\/\/michaelwidhalm.com\/#\/schema\/person\/08fe8f0e77e8154f72c968dabe69fd73"},"potentialAction":[{"@type":"SearchAction","target":{"@type":"EntryPoint","urlTemplate":"https:\/\/michaelwidhalm.com\/?s={search_term_string}"},"query-input":{"@type":"PropertyValueSpecification","valueRequired":true,"valueName":"search_term_string"}}],"inLanguage":"de"},{"@type":["Person","Organization"],"@id":"https:\/\/michaelwidhalm.com\/#\/schema\/person\/08fe8f0e77e8154f72c968dabe69fd73","name":"michaelwidhalm","image":{"@type":"ImageObject","inLanguage":"de","@id":"https:\/\/michaelwidhalm.com\/wp-content\/uploads\/2023\/08\/mike-Kopie-Kopie.png","url":"https:\/\/michaelwidhalm.com\/wp-content\/uploads\/2023\/08\/mike-Kopie-Kopie.png","contentUrl":"https:\/\/michaelwidhalm.com\/wp-content\/uploads\/2023\/08\/mike-Kopie-Kopie.png","width":1958,"height":1917,"caption":"michaelwidhalm"},"logo":{"@id":"https:\/\/michaelwidhalm.com\/wp-content\/uploads\/2023\/08\/mike-Kopie-Kopie.png"},"sameAs":["http:\/\/michaelwidhalm.com","https:\/\/www.instagram.com\/mikes_creations\/"]}]}},"_links":{"self":[{"href":"https:\/\/michaelwidhalm.com\/de\/wp-json\/wp\/v2\/pages\/169","targetHints":{"allow":["GET"]}}],"collection":[{"href":"https:\/\/michaelwidhalm.com\/de\/wp-json\/wp\/v2\/pages"}],"about":[{"href":"https:\/\/michaelwidhalm.com\/de\/wp-json\/wp\/v2\/types\/page"}],"author":[{"embeddable":true,"href":"https:\/\/michaelwidhalm.com\/de\/wp-json\/wp\/v2\/users\/1"}],"replies":[{"embeddable":true,"href":"https:\/\/michaelwidhalm.com\/de\/wp-json\/wp\/v2\/comments?post=169"}],"version-history":[{"count":10,"href":"https:\/\/michaelwidhalm.com\/de\/wp-json\/wp\/v2\/pages\/169\/revisions"}],"predecessor-version":[{"id":3703,"href":"https:\/\/michaelwidhalm.com\/de\/wp-json\/wp\/v2\/pages\/169\/revisions\/3703"}],"wp:attachment":[{"href":"https:\/\/michaelwidhalm.com\/de\/wp-json\/wp\/v2\/media?parent=169"}],"curies":[{"name":"wp","href":"https:\/\/api.w.org\/{rel}","templated":true}]}}