{"id":860,"date":"2024-01-19T17:31:38","date_gmt":"2024-01-19T16:31:38","guid":{"rendered":"https:\/\/michaelwidhalm.com\/?page_id=860"},"modified":"2025-02-03T16:47:40","modified_gmt":"2025-02-03T15:47:40","slug":"fine-dining","status":"publish","type":"page","link":"https:\/\/michaelwidhalm.com\/de\/fine-dining\/","title":{"rendered":"Fine-Dining"},"content":{"rendered":"\t\t<div data-elementor-type=\"wp-page\" data-elementor-id=\"860\" class=\"elementor elementor-860\" data-elementor-post-type=\"page\">\n\t\t\t\t<div class=\"elementor-element elementor-element-1c7db2c e-flex e-con-boxed e-con e-parent\" data-id=\"1c7db2c\" data-element_type=\"container\" data-e-type=\"container\">\n\t\t\t\t\t<div class=\"e-con-inner\">\n\t\t<div class=\"elementor-element elementor-element-3e23872 e-con-full e-flex e-con e-child\" data-id=\"3e23872\" data-element_type=\"container\" data-e-type=\"container\">\n\t\t\t\t<div class=\"elementor-element elementor-element-bb9e19e animated-slow elementor-invisible elementor-widget elementor-widget-image\" data-id=\"bb9e19e\" data-element_type=\"widget\" data-e-type=\"widget\" data-settings=\"{&quot;_animation&quot;:&quot;fadeInLeft&quot;}\" data-widget_type=\"image.default\">\n\t\t\t\t<div class=\"elementor-widget-container\">\n\t\t\t\t\t\t\t\t\t\t\t\t\t\t\t<img fetchpriority=\"high\" decoding=\"async\" width=\"2560\" height=\"1920\" src=\"https:\/\/michaelwidhalm.com\/wp-content\/uploads\/2024\/03\/P1060571-3-scaled.jpg\" class=\"attachment-full size-full wp-image-1006\" alt=\"\" srcset=\"https:\/\/michaelwidhalm.com\/wp-content\/uploads\/2024\/03\/P1060571-3-scaled.jpg 2560w, https:\/\/michaelwidhalm.com\/wp-content\/uploads\/2024\/03\/P1060571-3-scaled-400x300.jpg 400w, https:\/\/michaelwidhalm.com\/wp-content\/uploads\/2024\/03\/P1060571-3-scaled-600x450.jpg 600w, https:\/\/michaelwidhalm.com\/wp-content\/uploads\/2024\/03\/P1060571-3-300x225.jpg 300w, https:\/\/michaelwidhalm.com\/wp-content\/uploads\/2024\/03\/P1060571-3-1024x768.jpg 1024w, https:\/\/michaelwidhalm.com\/wp-content\/uploads\/2024\/03\/P1060571-3-768x576.jpg 768w, https:\/\/michaelwidhalm.com\/wp-content\/uploads\/2024\/03\/P1060571-3-1536x1152.jpg 1536w, https:\/\/michaelwidhalm.com\/wp-content\/uploads\/2024\/03\/P1060571-3-2048x1536.jpg 2048w\" sizes=\"(max-width: 2560px) 100vw, 2560px\" \/>\t\t\t\t\t\t\t\t\t\t\t\t\t\t\t<\/div>\n\t\t\t\t<\/div>\n\t\t\t\t<\/div>\n\t\t<div class=\"elementor-element elementor-element-436f221 e-con-full e-flex e-con e-child\" data-id=\"436f221\" data-element_type=\"container\" data-e-type=\"container\">\n\t\t\t\t<div class=\"elementor-element elementor-element-dd3076b animated-slow elementor-invisible elementor-widget elementor-widget-text-editor\" data-id=\"dd3076b\" data-element_type=\"widget\" data-e-type=\"widget\" data-settings=\"{&quot;_animation&quot;:&quot;slideInRight&quot;}\" data-widget_type=\"text-editor.default\">\n\t\t\t\t<div class=\"elementor-widget-container\">\n\t\t\t\t\t\t\t\t\t<p>Entdecken Sie handwerklich hergestellte Keramik, die auf Ihre kulinarische Vision zugeschnitten ist. Erh\u00f6hen Sie Ihr Esserlebnis mit individuell gestalteten St\u00fccken, die mit Leidenschaft und Pr\u00e4zision gefertigt werden. Lassen Sie uns gemeinsam funktionelles Geschirr kreieren und ma\u00dfgeschneiderte Eleganz auf Ihren Tisch bringen.<\/p>\t\t\t\t\t\t\t\t<\/div>\n\t\t\t\t<\/div>\n\t\t\t\t<\/div>\n\t\t\t\t\t<\/div>\n\t\t\t\t<\/div>\n\t\t<div class=\"elementor-element elementor-element-e14ac28 e-flex e-con-boxed e-con e-parent\" data-id=\"e14ac28\" data-element_type=\"container\" data-e-type=\"container\">\n\t\t\t\t\t<div class=\"e-con-inner\">\n\t\t<div class=\"elementor-element elementor-element-1db37ea e-con-full e-flex e-con e-child\" data-id=\"1db37ea\" data-element_type=\"container\" data-e-type=\"container\">\n\t\t\t\t<div class=\"elementor-element elementor-element-2957790 animated-slow elementor-hidden-desktop elementor-invisible elementor-widget elementor-widget-image\" data-id=\"2957790\" data-element_type=\"widget\" data-e-type=\"widget\" data-settings=\"{&quot;_animation&quot;:&quot;fadeInRight&quot;}\" data-widget_type=\"image.default\">\n\t\t\t\t<div class=\"elementor-widget-container\">\n\t\t\t\t\t\t\t\t\t\t\t\t\t\t\t<img decoding=\"async\" width=\"2560\" height=\"1920\" src=\"https:\/\/michaelwidhalm.com\/wp-content\/uploads\/2024\/03\/P1060559-scaled.jpg\" class=\"attachment-full size-full wp-image-999\" alt=\"\" srcset=\"https:\/\/michaelwidhalm.com\/wp-content\/uploads\/2024\/03\/P1060559-scaled.jpg 2560w, https:\/\/michaelwidhalm.com\/wp-content\/uploads\/2024\/03\/P1060559-scaled-400x300.jpg 400w, https:\/\/michaelwidhalm.com\/wp-content\/uploads\/2024\/03\/P1060559-scaled-600x450.jpg 600w, https:\/\/michaelwidhalm.com\/wp-content\/uploads\/2024\/03\/P1060559-300x225.jpg 300w, https:\/\/michaelwidhalm.com\/wp-content\/uploads\/2024\/03\/P1060559-1024x768.jpg 1024w, https:\/\/michaelwidhalm.com\/wp-content\/uploads\/2024\/03\/P1060559-768x576.jpg 768w, https:\/\/michaelwidhalm.com\/wp-content\/uploads\/2024\/03\/P1060559-1536x1152.jpg 1536w, https:\/\/michaelwidhalm.com\/wp-content\/uploads\/2024\/03\/P1060559-2048x1536.jpg 2048w\" sizes=\"(max-width: 2560px) 100vw, 2560px\" \/>\t\t\t\t\t\t\t\t\t\t\t\t\t\t\t<\/div>\n\t\t\t\t<\/div>\n\t\t\t\t<div class=\"elementor-element elementor-element-526a4d1 animated-slow elementor-invisible elementor-widget elementor-widget-text-editor\" data-id=\"526a4d1\" data-element_type=\"widget\" data-e-type=\"widget\" data-settings=\"{&quot;_animation&quot;:&quot;slideInLeft&quot;}\" data-widget_type=\"text-editor.default\">\n\t\t\t\t<div class=\"elementor-widget-container\">\n\t\t\t\t\t\t\t\t\t<p>Gastronomiegeschirr muss nicht nur eine gewisse Widerstandsf\u00e4higkeit aufweisen, sondern auch pflegeleicht sein. Unser Steinzeuggeschirr wird komplett von Hand produziert und bei 1240\u00b0C gebrannt, was es nicht nur sp\u00fclmaschinengeeignet, sondern auch \u00e4u\u00dferst strapazierf\u00e4hig macht. Durch die gezielt verst\u00e4rkte Herstellung ist es besonders f\u00fcr die Gastronomie geeignet.<\/p>\t\t\t\t\t\t\t\t<\/div>\n\t\t\t\t<\/div>\n\t\t\t\t<\/div>\n\t\t<div class=\"elementor-element elementor-element-cdd9011 e-con-full e-flex e-con e-child\" data-id=\"cdd9011\" data-element_type=\"container\" data-e-type=\"container\">\n\t\t\t\t<div class=\"elementor-element elementor-element-1d29918 animated-slow elementor-hidden-mobile elementor-invisible elementor-widget elementor-widget-image\" data-id=\"1d29918\" data-element_type=\"widget\" data-e-type=\"widget\" data-settings=\"{&quot;_animation&quot;:&quot;fadeInRight&quot;}\" data-widget_type=\"image.default\">\n\t\t\t\t<div class=\"elementor-widget-container\">\n\t\t\t\t\t\t\t\t\t\t\t\t\t\t\t<img decoding=\"async\" width=\"2560\" height=\"1920\" src=\"https:\/\/michaelwidhalm.com\/wp-content\/uploads\/2024\/03\/P1060559-scaled.jpg\" class=\"attachment-full size-full wp-image-999\" alt=\"\" srcset=\"https:\/\/michaelwidhalm.com\/wp-content\/uploads\/2024\/03\/P1060559-scaled.jpg 2560w, https:\/\/michaelwidhalm.com\/wp-content\/uploads\/2024\/03\/P1060559-scaled-400x300.jpg 400w, https:\/\/michaelwidhalm.com\/wp-content\/uploads\/2024\/03\/P1060559-scaled-600x450.jpg 600w, https:\/\/michaelwidhalm.com\/wp-content\/uploads\/2024\/03\/P1060559-300x225.jpg 300w, https:\/\/michaelwidhalm.com\/wp-content\/uploads\/2024\/03\/P1060559-1024x768.jpg 1024w, https:\/\/michaelwidhalm.com\/wp-content\/uploads\/2024\/03\/P1060559-768x576.jpg 768w, https:\/\/michaelwidhalm.com\/wp-content\/uploads\/2024\/03\/P1060559-1536x1152.jpg 1536w, https:\/\/michaelwidhalm.com\/wp-content\/uploads\/2024\/03\/P1060559-2048x1536.jpg 2048w\" sizes=\"(max-width: 2560px) 100vw, 2560px\" \/>\t\t\t\t\t\t\t\t\t\t\t\t\t\t\t<\/div>\n\t\t\t\t<\/div>\n\t\t\t\t<\/div>\n\t\t\t\t\t<\/div>\n\t\t\t\t<\/div>\n\t\t<div class=\"elementor-element elementor-element-1c368f8d e-flex e-con-boxed e-con e-parent\" data-id=\"1c368f8d\" data-element_type=\"container\" data-e-type=\"container\" data-settings=\"{&quot;background_background&quot;:&quot;classic&quot;}\">\n\t\t\t\t\t<div class=\"e-con-inner\">\n\t\t\t\t<div class=\"elementor-element elementor-element-26f677be elementor-widget elementor-widget-heading\" data-id=\"26f677be\" data-element_type=\"widget\" data-e-type=\"widget\" data-widget_type=\"heading.default\">\n\t\t\t\t<div class=\"elementor-widget-container\">\n\t\t\t\t\t<h1 class=\"elementor-heading-title elementor-size-default\">Nimm Kontakt auf!<\/h1>\t\t\t\t<\/div>\n\t\t\t\t<\/div>\n\t\t\t\t<div class=\"elementor-element elementor-element-29fcbe70 elementor-widget elementor-widget-text-editor\" data-id=\"29fcbe70\" data-element_type=\"widget\" data-e-type=\"widget\" data-widget_type=\"text-editor.default\">\n\t\t\t\t<div class=\"elementor-widget-container\">\n\t\t\t\t\t\t\t\t\t<p>F\u00fcllen Sie das untenstehende Formular aus und lassen Sie uns gemeinsam Ihr ma\u00dfgeschneidertes Essenserlebnis gestalten.<\/p>\t\t\t\t\t\t\t\t<\/div>\n\t\t\t\t<\/div>\n\t\t\t\t<div class=\"elementor-element elementor-element-3d8b27e3 elementor-button-align-center elementor-widget elementor-widget-form\" data-id=\"3d8b27e3\" data-element_type=\"widget\" data-e-type=\"widget\" data-settings=\"{&quot;step_next_label&quot;:&quot;Next&quot;,&quot;step_previous_label&quot;:&quot;Previous&quot;,&quot;button_width&quot;:&quot;100&quot;,&quot;step_type&quot;:&quot;number_text&quot;,&quot;step_icon_shape&quot;:&quot;circle&quot;}\" data-widget_type=\"form.default\">\n\t\t\t\t<div class=\"elementor-widget-container\">\n\t\t\t\t\t\t\t<form class=\"elementor-form\" method=\"post\" name=\"Contact Form\" aria-label=\"Contact Form\">\n\t\t\t<input type=\"hidden\" name=\"post_id\" value=\"860\"\/>\n\t\t\t<input type=\"hidden\" name=\"form_id\" value=\"3d8b27e3\"\/>\n\t\t\t<input type=\"hidden\" name=\"referer_title\" value=\"Fine-Dining - Michael Widhalm\" \/>\n\n\t\t\t\t\t\t\t<input type=\"hidden\" name=\"queried_id\" value=\"860\"\/>\n\t\t\t\n\t\t\t<div class=\"elementor-form-fields-wrapper elementor-labels-\">\n\t\t\t\t\t\t\t\t<div class=\"elementor-field-type-text elementor-field-group elementor-column elementor-field-group-name elementor-col-50 elementor-field-required\">\n\t\t\t\t\t\t\t\t\t\t\t\t<label for=\"form-field-name\" class=\"elementor-field-label elementor-screen-only\">\n\t\t\t\t\t\t\t\tName\t\t\t\t\t\t\t<\/label>\n\t\t\t\t\t\t\t\t\t\t\t\t\t\t<input size=\"1\" type=\"text\" name=\"form_fields[name]\" id=\"form-field-name\" class=\"elementor-field elementor-size-sm  elementor-field-textual\" placeholder=\"Name\" required=\"required\">\n\t\t\t\t\t\t\t\t\t\t\t<\/div>\n\t\t\t\t\t\t\t\t<div class=\"elementor-field-type-email elementor-field-group elementor-column elementor-field-group-email elementor-col-50 elementor-field-required\">\n\t\t\t\t\t\t\t\t\t\t\t\t<label for=\"form-field-email\" class=\"elementor-field-label elementor-screen-only\">\n\t\t\t\t\t\t\t\tYour Email\t\t\t\t\t\t\t<\/label>\n\t\t\t\t\t\t\t\t\t\t\t\t\t\t<input size=\"1\" type=\"email\" name=\"form_fields[email]\" id=\"form-field-email\" class=\"elementor-field elementor-size-sm  elementor-field-textual\" placeholder=\"Email\" required=\"required\">\n\t\t\t\t\t\t\t\t\t\t\t<\/div>\n\t\t\t\t\t\t\t\t<div class=\"elementor-field-type-tel elementor-field-group elementor-column elementor-field-group-field_6c180a9 elementor-col-50\">\n\t\t\t\t\t\t\t\t\t\t\t\t<label for=\"form-field-field_6c180a9\" class=\"elementor-field-label elementor-screen-only\">\n\t\t\t\t\t\t\t\tPhone Number\t\t\t\t\t\t\t<\/label>\n\t\t\t\t\t\t\t\t<input size=\"1\" type=\"tel\" name=\"form_fields[field_6c180a9]\" id=\"form-field-field_6c180a9\" class=\"elementor-field elementor-size-sm  elementor-field-textual\" placeholder=\"Telefonnummer\" pattern=\"[0-9()#&amp;+*-=.]+\" title=\"Nur Nummern oder Telefon-Zeichen (#, -, *, etc) werden akzeptiert.\">\n\n\t\t\t\t\t\t<\/div>\n\t\t\t\t\t\t\t\t<div class=\"elementor-field-type-text elementor-field-group elementor-column elementor-field-group-field_b743cd7 elementor-col-50\">\n\t\t\t\t\t\t\t\t\t\t\t\t<label for=\"form-field-field_b743cd7\" class=\"elementor-field-label elementor-screen-only\">\n\t\t\t\t\t\t\t\tService Type\t\t\t\t\t\t\t<\/label>\n\t\t\t\t\t\t\t\t\t\t\t\t\t\t<input size=\"1\" type=\"text\" name=\"form_fields[field_b743cd7]\" id=\"form-field-field_b743cd7\" class=\"elementor-field elementor-size-sm  elementor-field-textual\" placeholder=\"Thema\">\n\t\t\t\t\t\t\t\t\t\t\t<\/div>\n\t\t\t\t\t\t\t\t<div class=\"elementor-field-type-textarea elementor-field-group elementor-column elementor-field-group-message elementor-col-100 elementor-field-required\">\n\t\t\t\t\t\t\t\t\t\t\t\t<label for=\"form-field-message\" class=\"elementor-field-label elementor-screen-only\">\n\t\t\t\t\t\t\t\tMessage\t\t\t\t\t\t\t<\/label>\n\t\t\t\t\t\t<textarea class=\"elementor-field-textual elementor-field  elementor-size-sm\" name=\"form_fields[message]\" id=\"form-field-message\" rows=\"9\" placeholder=\"Nachricht\" required=\"required\"><\/textarea>\t\t\t\t<\/div>\n\t\t\t\t\t\t\t\t<div class=\"elementor-field-group elementor-column elementor-field-type-submit elementor-col-100 e-form__buttons\">\n\t\t\t\t\t<button class=\"elementor-button elementor-size-sm elementor-animation-grow\" type=\"submit\">\n\t\t\t\t\t\t<span class=\"elementor-button-content-wrapper\">\n\t\t\t\t\t\t\t\t\t\t\t\t\t\t\t\t\t\t\t\t\t\t<span class=\"elementor-button-text\">Senden!<\/span>\n\t\t\t\t\t\t\t\t\t\t\t\t\t<\/span>\n\t\t\t\t\t<\/button>\n\t\t\t\t<\/div>\n\t\t\t<\/div>\n\t\t<\/form>\n\t\t\t\t\t\t<\/div>\n\t\t\t\t<\/div>\n\t\t\t\t\t<\/div>\n\t\t\t\t<\/div>\n\t\t<div class=\"elementor-element elementor-element-74e38ec e-flex e-con-boxed e-con e-parent\" data-id=\"74e38ec\" data-element_type=\"container\" data-e-type=\"container\">\n\t\t\t\t\t<div class=\"e-con-inner\">\n\t\t\t\t<div class=\"elementor-element elementor-element-1b3ad6e animated-slow elementor-invisible elementor-widget elementor-widget-image\" data-id=\"1b3ad6e\" data-element_type=\"widget\" data-e-type=\"widget\" data-settings=\"{&quot;_animation&quot;:&quot;fadeInUp&quot;}\" data-widget_type=\"image.default\">\n\t\t\t\t<div class=\"elementor-widget-container\">\n\t\t\t\t\t\t\t\t\t\t\t\t\t\t\t<img decoding=\"async\" width=\"800\" height=\"366\" src=\"https:\/\/michaelwidhalm.com\/wp-content\/uploads\/2024\/10\/Schsale-1024x468.jpg\" class=\"attachment-large size-large wp-image-2571\" alt=\"\" srcset=\"https:\/\/michaelwidhalm.com\/wp-content\/uploads\/2024\/10\/Schsale-1024x468.jpg 1024w, https:\/\/michaelwidhalm.com\/wp-content\/uploads\/2024\/10\/Schsale-scaled-400x183.jpg 400w, https:\/\/michaelwidhalm.com\/wp-content\/uploads\/2024\/10\/Schsale-scaled-600x274.jpg 600w, https:\/\/michaelwidhalm.com\/wp-content\/uploads\/2024\/10\/Schsale-300x137.jpg 300w, https:\/\/michaelwidhalm.com\/wp-content\/uploads\/2024\/10\/Schsale-768x351.jpg 768w, https:\/\/michaelwidhalm.com\/wp-content\/uploads\/2024\/10\/Schsale-1536x702.jpg 1536w, https:\/\/michaelwidhalm.com\/wp-content\/uploads\/2024\/10\/Schsale-2048x935.jpg 2048w, https:\/\/michaelwidhalm.com\/wp-content\/uploads\/2024\/10\/Schsale-18x8.jpg 18w\" sizes=\"(max-width: 800px) 100vw, 800px\" \/>\t\t\t\t\t\t\t\t\t\t\t\t\t\t\t<\/div>\n\t\t\t\t<\/div>\n\t\t\t\t\t<\/div>\n\t\t\t\t<\/div>\n\t\t\t\t<\/div>\n\t\t","protected":false},"excerpt":{"rendered":"<p>Entdecken Sie handwerklich hergestellte Keramik, die auf Ihre kulinarische Vision zugeschnitten ist. Erh\u00f6hen Sie Ihr Esserlebnis mit individuell gestalteten St\u00fccken, die mit Leidenschaft und Pr\u00e4zision gefertigt werden. Lassen Sie uns gemeinsam funktionelles Geschirr kreieren und ma\u00dfgeschneiderte Eleganz auf Ihren Tisch bringen. Gastronomiegeschirr muss nicht nur eine gewisse Widerstandsf\u00e4higkeit aufweisen, sondern auch pflegeleicht sein. Unser Steinzeuggeschirr [&hellip;]<\/p>\n","protected":false},"author":1,"featured_media":0,"parent":0,"menu_order":0,"comment_status":"closed","ping_status":"closed","template":"elementor_theme","meta":{"_acf_changed":false,"footnotes":""},"class_list":["post-860","page","type-page","status-publish","hentry"],"acf":[],"yoast_head":"<!-- This site is optimized with the Yoast SEO plugin v27.5 - https:\/\/yoast.com\/product\/yoast-seo-wordpress\/ -->\n<title>Fine-Dining - Michael Widhalm<\/title>\n<meta name=\"robots\" content=\"index, follow, max-snippet:-1, max-image-preview:large, max-video-preview:-1\" \/>\n<link rel=\"canonical\" href=\"https:\/\/michaelwidhalm.com\/de\/fine-dining\/\" \/>\n<meta property=\"og:locale\" content=\"de_DE\" \/>\n<meta property=\"og:type\" content=\"article\" \/>\n<meta property=\"og:title\" content=\"Fine-Dining - Michael Widhalm\" \/>\n<meta property=\"og:description\" content=\"Entdecken Sie handwerklich hergestellte Keramik, die auf Ihre kulinarische Vision zugeschnitten ist. Erh\u00f6hen Sie Ihr Esserlebnis mit individuell gestalteten St\u00fccken, die mit Leidenschaft und Pr\u00e4zision gefertigt werden. Lassen Sie uns gemeinsam funktionelles Geschirr kreieren und ma\u00dfgeschneiderte Eleganz auf Ihren Tisch bringen. Gastronomiegeschirr muss nicht nur eine gewisse Widerstandsf\u00e4higkeit aufweisen, sondern auch pflegeleicht sein. Unser Steinzeuggeschirr [&hellip;]\" \/>\n<meta property=\"og:url\" content=\"https:\/\/michaelwidhalm.com\/de\/fine-dining\/\" \/>\n<meta property=\"og:site_name\" content=\"Michael Widhalm\" \/>\n<meta property=\"article:modified_time\" content=\"2025-02-03T15:47:40+00:00\" \/>\n<meta property=\"og:image\" content=\"https:\/\/michaelwidhalm.com\/wp-content\/uploads\/2024\/03\/P1060571-3-scaled.jpg\" \/>\n\t<meta property=\"og:image:width\" content=\"2560\" \/>\n\t<meta property=\"og:image:height\" content=\"1920\" \/>\n\t<meta property=\"og:image:type\" content=\"image\/jpeg\" \/>\n<meta name=\"twitter:card\" content=\"summary_large_image\" \/>\n<meta name=\"twitter:label1\" content=\"Gesch\u00e4tzte Lesezeit\" \/>\n\t<meta name=\"twitter:data1\" content=\"2\u00a0Minuten\" \/>\n<script type=\"application\/ld+json\" class=\"yoast-schema-graph\">{\"@context\":\"https:\\\/\\\/schema.org\",\"@graph\":[{\"@type\":\"WebPage\",\"@id\":\"https:\\\/\\\/michaelwidhalm.com\\\/fine-dining\\\/\",\"url\":\"https:\\\/\\\/michaelwidhalm.com\\\/fine-dining\\\/\",\"name\":\"Fine-Dining - Michael Widhalm\",\"isPartOf\":{\"@id\":\"https:\\\/\\\/michaelwidhalm.com\\\/#website\"},\"primaryImageOfPage\":{\"@id\":\"https:\\\/\\\/michaelwidhalm.com\\\/fine-dining\\\/#primaryimage\"},\"image\":{\"@id\":\"https:\\\/\\\/michaelwidhalm.com\\\/fine-dining\\\/#primaryimage\"},\"thumbnailUrl\":\"https:\\\/\\\/michaelwidhalm.com\\\/wp-content\\\/uploads\\\/2024\\\/03\\\/P1060571-3-scaled.jpg\",\"datePublished\":\"2024-01-19T16:31:38+00:00\",\"dateModified\":\"2025-02-03T15:47:40+00:00\",\"breadcrumb\":{\"@id\":\"https:\\\/\\\/michaelwidhalm.com\\\/fine-dining\\\/#breadcrumb\"},\"inLanguage\":\"de\",\"potentialAction\":[{\"@type\":\"ReadAction\",\"target\":[\"https:\\\/\\\/michaelwidhalm.com\\\/fine-dining\\\/\"]}]},{\"@type\":\"ImageObject\",\"inLanguage\":\"de\",\"@id\":\"https:\\\/\\\/michaelwidhalm.com\\\/fine-dining\\\/#primaryimage\",\"url\":\"https:\\\/\\\/michaelwidhalm.com\\\/wp-content\\\/uploads\\\/2024\\\/03\\\/P1060571-3-scaled.jpg\",\"contentUrl\":\"https:\\\/\\\/michaelwidhalm.com\\\/wp-content\\\/uploads\\\/2024\\\/03\\\/P1060571-3-scaled.jpg\"},{\"@type\":\"BreadcrumbList\",\"@id\":\"https:\\\/\\\/michaelwidhalm.com\\\/fine-dining\\\/#breadcrumb\",\"itemListElement\":[{\"@type\":\"ListItem\",\"position\":1,\"name\":\"Startseite\",\"item\":\"https:\\\/\\\/michaelwidhalm.com\\\/\"},{\"@type\":\"ListItem\",\"position\":2,\"name\":\"Fine-Dining\"}]},{\"@type\":\"WebSite\",\"@id\":\"https:\\\/\\\/michaelwidhalm.com\\\/#website\",\"url\":\"https:\\\/\\\/michaelwidhalm.com\\\/\",\"name\":\"Michael Widhalm\",\"description\":\"Wiener Keramikermeister \\\/ VIennese Master Ceramicist\",\"publisher\":{\"@id\":\"https:\\\/\\\/michaelwidhalm.com\\\/#\\\/schema\\\/person\\\/08fe8f0e77e8154f72c968dabe69fd73\"},\"potentialAction\":[{\"@type\":\"SearchAction\",\"target\":{\"@type\":\"EntryPoint\",\"urlTemplate\":\"https:\\\/\\\/michaelwidhalm.com\\\/?s={search_term_string}\"},\"query-input\":{\"@type\":\"PropertyValueSpecification\",\"valueRequired\":true,\"valueName\":\"search_term_string\"}}],\"inLanguage\":\"de\"},{\"@type\":[\"Person\",\"Organization\"],\"@id\":\"https:\\\/\\\/michaelwidhalm.com\\\/#\\\/schema\\\/person\\\/08fe8f0e77e8154f72c968dabe69fd73\",\"name\":\"michaelwidhalm\",\"image\":{\"@type\":\"ImageObject\",\"inLanguage\":\"de\",\"@id\":\"https:\\\/\\\/michaelwidhalm.com\\\/wp-content\\\/uploads\\\/2023\\\/08\\\/mike-Kopie-Kopie.png\",\"url\":\"https:\\\/\\\/michaelwidhalm.com\\\/wp-content\\\/uploads\\\/2023\\\/08\\\/mike-Kopie-Kopie.png\",\"contentUrl\":\"https:\\\/\\\/michaelwidhalm.com\\\/wp-content\\\/uploads\\\/2023\\\/08\\\/mike-Kopie-Kopie.png\",\"width\":1958,\"height\":1917,\"caption\":\"michaelwidhalm\"},\"logo\":{\"@id\":\"https:\\\/\\\/michaelwidhalm.com\\\/wp-content\\\/uploads\\\/2023\\\/08\\\/mike-Kopie-Kopie.png\"},\"sameAs\":[\"http:\\\/\\\/michaelwidhalm.com\",\"https:\\\/\\\/www.instagram.com\\\/mikes_creations\\\/\"]}]}<\/script>\n<!-- \/ Yoast SEO plugin. -->","yoast_head_json":{"title":"Fine-Dining - Michael Widhalm","robots":{"index":"index","follow":"follow","max-snippet":"max-snippet:-1","max-image-preview":"max-image-preview:large","max-video-preview":"max-video-preview:-1"},"canonical":"https:\/\/michaelwidhalm.com\/de\/fine-dining\/","og_locale":"de_DE","og_type":"article","og_title":"Fine-Dining - Michael Widhalm","og_description":"Entdecken Sie handwerklich hergestellte Keramik, die auf Ihre kulinarische Vision zugeschnitten ist. Erh\u00f6hen Sie Ihr Esserlebnis mit individuell gestalteten St\u00fccken, die mit Leidenschaft und Pr\u00e4zision gefertigt werden. Lassen Sie uns gemeinsam funktionelles Geschirr kreieren und ma\u00dfgeschneiderte Eleganz auf Ihren Tisch bringen. Gastronomiegeschirr muss nicht nur eine gewisse Widerstandsf\u00e4higkeit aufweisen, sondern auch pflegeleicht sein. Unser Steinzeuggeschirr [&hellip;]","og_url":"https:\/\/michaelwidhalm.com\/de\/fine-dining\/","og_site_name":"Michael Widhalm","article_modified_time":"2025-02-03T15:47:40+00:00","og_image":[{"width":2560,"height":1920,"url":"https:\/\/michaelwidhalm.com\/wp-content\/uploads\/2024\/03\/P1060571-3-scaled.jpg","type":"image\/jpeg"}],"twitter_card":"summary_large_image","twitter_misc":{"Gesch\u00e4tzte Lesezeit":"2\u00a0Minuten"},"schema":{"@context":"https:\/\/schema.org","@graph":[{"@type":"WebPage","@id":"https:\/\/michaelwidhalm.com\/fine-dining\/","url":"https:\/\/michaelwidhalm.com\/fine-dining\/","name":"Fine-Dining - Michael Widhalm","isPartOf":{"@id":"https:\/\/michaelwidhalm.com\/#website"},"primaryImageOfPage":{"@id":"https:\/\/michaelwidhalm.com\/fine-dining\/#primaryimage"},"image":{"@id":"https:\/\/michaelwidhalm.com\/fine-dining\/#primaryimage"},"thumbnailUrl":"https:\/\/michaelwidhalm.com\/wp-content\/uploads\/2024\/03\/P1060571-3-scaled.jpg","datePublished":"2024-01-19T16:31:38+00:00","dateModified":"2025-02-03T15:47:40+00:00","breadcrumb":{"@id":"https:\/\/michaelwidhalm.com\/fine-dining\/#breadcrumb"},"inLanguage":"de","potentialAction":[{"@type":"ReadAction","target":["https:\/\/michaelwidhalm.com\/fine-dining\/"]}]},{"@type":"ImageObject","inLanguage":"de","@id":"https:\/\/michaelwidhalm.com\/fine-dining\/#primaryimage","url":"https:\/\/michaelwidhalm.com\/wp-content\/uploads\/2024\/03\/P1060571-3-scaled.jpg","contentUrl":"https:\/\/michaelwidhalm.com\/wp-content\/uploads\/2024\/03\/P1060571-3-scaled.jpg"},{"@type":"BreadcrumbList","@id":"https:\/\/michaelwidhalm.com\/fine-dining\/#breadcrumb","itemListElement":[{"@type":"ListItem","position":1,"name":"Startseite","item":"https:\/\/michaelwidhalm.com\/"},{"@type":"ListItem","position":2,"name":"Fine-Dining"}]},{"@type":"WebSite","@id":"https:\/\/michaelwidhalm.com\/#website","url":"https:\/\/michaelwidhalm.com\/","name":"Michael Widhalm","description":"Wiener Keramikermeister \/ VIennese Master Ceramicist","publisher":{"@id":"https:\/\/michaelwidhalm.com\/#\/schema\/person\/08fe8f0e77e8154f72c968dabe69fd73"},"potentialAction":[{"@type":"SearchAction","target":{"@type":"EntryPoint","urlTemplate":"https:\/\/michaelwidhalm.com\/?s={search_term_string}"},"query-input":{"@type":"PropertyValueSpecification","valueRequired":true,"valueName":"search_term_string"}}],"inLanguage":"de"},{"@type":["Person","Organization"],"@id":"https:\/\/michaelwidhalm.com\/#\/schema\/person\/08fe8f0e77e8154f72c968dabe69fd73","name":"michaelwidhalm","image":{"@type":"ImageObject","inLanguage":"de","@id":"https:\/\/michaelwidhalm.com\/wp-content\/uploads\/2023\/08\/mike-Kopie-Kopie.png","url":"https:\/\/michaelwidhalm.com\/wp-content\/uploads\/2023\/08\/mike-Kopie-Kopie.png","contentUrl":"https:\/\/michaelwidhalm.com\/wp-content\/uploads\/2023\/08\/mike-Kopie-Kopie.png","width":1958,"height":1917,"caption":"michaelwidhalm"},"logo":{"@id":"https:\/\/michaelwidhalm.com\/wp-content\/uploads\/2023\/08\/mike-Kopie-Kopie.png"},"sameAs":["http:\/\/michaelwidhalm.com","https:\/\/www.instagram.com\/mikes_creations\/"]}]}},"_links":{"self":[{"href":"https:\/\/michaelwidhalm.com\/de\/wp-json\/wp\/v2\/pages\/860","targetHints":{"allow":["GET"]}}],"collection":[{"href":"https:\/\/michaelwidhalm.com\/de\/wp-json\/wp\/v2\/pages"}],"about":[{"href":"https:\/\/michaelwidhalm.com\/de\/wp-json\/wp\/v2\/types\/page"}],"author":[{"embeddable":true,"href":"https:\/\/michaelwidhalm.com\/de\/wp-json\/wp\/v2\/users\/1"}],"replies":[{"embeddable":true,"href":"https:\/\/michaelwidhalm.com\/de\/wp-json\/wp\/v2\/comments?post=860"}],"version-history":[{"count":10,"href":"https:\/\/michaelwidhalm.com\/de\/wp-json\/wp\/v2\/pages\/860\/revisions"}],"predecessor-version":[{"id":3644,"href":"https:\/\/michaelwidhalm.com\/de\/wp-json\/wp\/v2\/pages\/860\/revisions\/3644"}],"wp:attachment":[{"href":"https:\/\/michaelwidhalm.com\/de\/wp-json\/wp\/v2\/media?parent=860"}],"curies":[{"name":"wp","href":"https:\/\/api.w.org\/{rel}","templated":true}]}}