{"id":1739,"date":"2024-07-30T11:24:59","date_gmt":"2024-07-30T09:24:59","guid":{"rendered":"https:\/\/michaelwidhalm.com\/?page_id=1739"},"modified":"2025-05-26T15:57:09","modified_gmt":"2025-05-26T13:57:09","slug":"faq","status":"publish","type":"page","link":"https:\/\/michaelwidhalm.com\/en\/faq\/","title":{"rendered":"FAQ"},"content":{"rendered":"<div data-elementor-type=\"wp-page\" data-elementor-id=\"1739\" class=\"elementor elementor-1739\" data-elementor-post-type=\"page\">\n\t\t\t\t<div class=\"elementor-element elementor-element-64053e19 e-con-full e-flex e-con e-parent\" data-id=\"64053e19\" data-element_type=\"container\" data-e-type=\"container\" data-settings=\"{&quot;background_background&quot;:&quot;gradient&quot;,&quot;shape_divider_top&quot;:&quot;mountains&quot;}\">\n\t\t\t\t<div class=\"elementor-shape elementor-shape-top\" aria-hidden=\"true\" data-negative=\"false\">\n\t\t\t<svg xmlns=\"http:\/\/www.w3.org\/2000\/svg\" viewbox=\"0 0 1000 100\" preserveaspectratio=\"none\">\n\t<path class=\"elementor-shape-fill\" opacity=\"0.33\" d=\"M473,67.3c-203.9,88.3-263.1-34-320.3,0C66,119.1,0,59.7,0,59.7V0h1000v59.7 c0,0-62.1,26.1-94.9,29.3c-32.8,3.3-62.8-12.3-75.8-22.1C806,49.6,745.3,8.7,694.9,4.7S492.4,59,473,67.3z\"\/>\n\t<path class=\"elementor-shape-fill\" opacity=\"0.66\" d=\"M734,67.3c-45.5,0-77.2-23.2-129.1-39.1c-28.6-8.7-150.3-10.1-254,39.1 s-91.7-34.4-149.2,0C115.7,118.3,0,39.8,0,39.8V0h1000v36.5c0,0-28.2-18.5-92.1-18.5C810.2,18.1,775.7,67.3,734,67.3z\"\/>\n\t<path class=\"elementor-shape-fill\" d=\"M766.1,28.9c-200-57.5-266,65.5-395.1,19.5C242,1.8,242,5.4,184.8,20.6C128,35.8,132.3,44.9,89.9,52.5C28.6,63.7,0,0,0,0 h1000c0,0-9.9,40.9-83.6,48.1S829.6,47,766.1,28.9z\"\/>\n<\/svg>\t\t<\/div>\n\t\t<div class=\"elementor-element elementor-element-48a63eaf e-con-full e-flex e-con e-child\" data-id=\"48a63eaf\" data-element_type=\"container\" data-e-type=\"container\">\n\t\t\t\t<div class=\"elementor-element elementor-element-19248760 animated-slow elementor-invisible elementor-widget elementor-widget-heading\" data-id=\"19248760\" data-element_type=\"widget\" data-e-type=\"widget\" data-settings=\"{&quot;_animation&quot;:&quot;slideInUp&quot;}\" data-widget_type=\"heading.default\">\n\t\t\t\t<div class=\"elementor-widget-container\">\n\t\t\t\t\t<h2 class=\"elementor-heading-title elementor-size-default\">Frequently Asked Questions<\/h2>\t\t\t\t<\/div>\n\t\t\t\t<\/div>\n\t\t\t\t<\/div>\n\t\t\t\t<div class=\"elementor-element elementor-element-6c7fb36 elementor-widget elementor-widget-toggle\" data-id=\"6c7fb36\" data-element_type=\"widget\" data-e-type=\"widget\" data-widget_type=\"toggle.default\">\n\t\t\t\t<div class=\"elementor-widget-container\">\n\t\t\t\t\t\t\t<div class=\"elementor-toggle\">\n\t\t\t\t\t\t\t<div class=\"elementor-toggle-item\">\n\t\t\t\t\t<h3 id=\"elementor-tab-title-1131\" class=\"elementor-tab-title\" data-tab=\"1\" role=\"button\" aria-controls=\"elementor-tab-content-1131\" aria-expanded=\"false\">\n\t\t\t\t\t\t\t\t\t\t\t\t<span class=\"elementor-toggle-icon elementor-toggle-icon-right\" aria-hidden=\"true\">\n\t\t\t\t\t\t\t\t\t\t\t\t\t\t\t<span class=\"elementor-toggle-icon-closed\"><i class=\"fas fa-plus\"><\/i><\/span>\n\t\t\t\t\t\t\t\t<span class=\"elementor-toggle-icon-opened\"><i class=\"elementor-toggle-icon-opened fas fa-minus\"><\/i><\/span>\n\t\t\t\t\t\t\t\t\t\t\t\t\t<\/span>\n\t\t\t\t\t\t\t\t\t\t\t\t<a class=\"elementor-toggle-title\" tabindex=\"0\">Are the ceramic products dishwasher and microwave safe?<\/a>\n\t\t\t\t\t<\/h3>\n\n\t\t\t\t\t<div id=\"elementor-tab-content-1131\" class=\"elementor-tab-content elementor-clearfix\" data-tab=\"1\" role=\"region\" aria-labelledby=\"elementor-tab-title-1131\"><p>YES, In 99% of cases!<\/p><p>As a rule, my ceramic products are safe for both the dishwasher and the microwave!<\/p><p>That said, dishes with special glazes or intricate designs are best washed by hand with care.<\/p><\/div>\n\t\t\t\t<\/div>\n\t\t\t\t\t\t\t<div class=\"elementor-toggle-item\">\n\t\t\t\t\t<h3 id=\"elementor-tab-title-1132\" class=\"elementor-tab-title\" data-tab=\"2\" role=\"button\" aria-controls=\"elementor-tab-content-1132\" aria-expanded=\"false\">\n\t\t\t\t\t\t\t\t\t\t\t\t<span class=\"elementor-toggle-icon elementor-toggle-icon-right\" aria-hidden=\"true\">\n\t\t\t\t\t\t\t\t\t\t\t\t\t\t\t<span class=\"elementor-toggle-icon-closed\"><i class=\"fas fa-plus\"><\/i><\/span>\n\t\t\t\t\t\t\t\t<span class=\"elementor-toggle-icon-opened\"><i class=\"elementor-toggle-icon-opened fas fa-minus\"><\/i><\/span>\n\t\t\t\t\t\t\t\t\t\t\t\t\t<\/span>\n\t\t\t\t\t\t\t\t\t\t\t\t<a class=\"elementor-toggle-title\" tabindex=\"0\">What\u2019s the most suitable glaze for my project?<\/a>\n\t\t\t\t\t<\/h3>\n\n\t\t\t\t\t<div id=\"elementor-tab-content-1132\" class=\"elementor-tab-content elementor-clearfix\" data-tab=\"2\" role=\"region\" aria-labelledby=\"elementor-tab-title-1132\"><p>The best glaze depends on your specific project. For functional ceramics like tableware, you should choose food-safe glazes. For decorative pieces, you can opt for more creative glaze options. It's important to consider the glaze\u2019s characteristics, such as firing temperature and surface finish.<\/p><\/div>\n\t\t\t\t<\/div>\n\t\t\t\t\t\t\t<div class=\"elementor-toggle-item\">\n\t\t\t\t\t<h3 id=\"elementor-tab-title-1133\" class=\"elementor-tab-title\" data-tab=\"3\" role=\"button\" aria-controls=\"elementor-tab-content-1133\" aria-expanded=\"false\">\n\t\t\t\t\t\t\t\t\t\t\t\t<span class=\"elementor-toggle-icon elementor-toggle-icon-right\" aria-hidden=\"true\">\n\t\t\t\t\t\t\t\t\t\t\t\t\t\t\t<span class=\"elementor-toggle-icon-closed\"><i class=\"fas fa-plus\"><\/i><\/span>\n\t\t\t\t\t\t\t\t<span class=\"elementor-toggle-icon-opened\"><i class=\"elementor-toggle-icon-opened fas fa-minus\"><\/i><\/span>\n\t\t\t\t\t\t\t\t\t\t\t\t\t<\/span>\n\t\t\t\t\t\t\t\t\t\t\t\t<a class=\"elementor-toggle-title\" tabindex=\"0\">Can I prepare for the master craftsman exam with your support?<\/a>\n\t\t\t\t\t<\/h3>\n\n\t\t\t\t\t<div id=\"elementor-tab-content-1133\" class=\"elementor-tab-content elementor-clearfix\" data-tab=\"3\" role=\"region\" aria-labelledby=\"elementor-tab-title-1133\"><p>Yes!<\/p><p>I provide personalized instruction in both theoretical and practical areas, charged by the hour.<\/p><\/div>\n\t\t\t\t<\/div>\n\t\t\t\t\t\t\t<div class=\"elementor-toggle-item\">\n\t\t\t\t\t<h3 id=\"elementor-tab-title-1134\" class=\"elementor-tab-title\" data-tab=\"4\" role=\"button\" aria-controls=\"elementor-tab-content-1134\" aria-expanded=\"false\">\n\t\t\t\t\t\t\t\t\t\t\t\t<span class=\"elementor-toggle-icon elementor-toggle-icon-right\" aria-hidden=\"true\">\n\t\t\t\t\t\t\t\t\t\t\t\t\t\t\t<span class=\"elementor-toggle-icon-closed\"><i class=\"fas fa-plus\"><\/i><\/span>\n\t\t\t\t\t\t\t\t<span class=\"elementor-toggle-icon-opened\"><i class=\"elementor-toggle-icon-opened fas fa-minus\"><\/i><\/span>\n\t\t\t\t\t\t\t\t\t\t\t\t\t<\/span>\n\t\t\t\t\t\t\t\t\t\t\t\t<a class=\"elementor-toggle-title\" tabindex=\"0\">What\u2019s the best way to care for and clean handmade ceramics?<\/a>\n\t\t\t\t\t<\/h3>\n\n\t\t\t\t\t<div id=\"elementor-tab-content-1134\" class=\"elementor-tab-content elementor-clearfix\" data-tab=\"4\" role=\"region\" aria-labelledby=\"elementor-tab-title-1134\"><p>My ceramic products can be used just like regular tableware. However, if you want to be extra careful, feel free to wash them by hand using a soft, non-abrasive sponge.<\/p><p>Some of my pieces have been in use for over 10 years and have retained their shine to this day.<\/p><\/div>\n\t\t\t\t<\/div>\n\t\t\t\t\t\t\t<div class=\"elementor-toggle-item\">\n\t\t\t\t\t<h3 id=\"elementor-tab-title-1135\" class=\"elementor-tab-title\" data-tab=\"5\" role=\"button\" aria-controls=\"elementor-tab-content-1135\" aria-expanded=\"false\">\n\t\t\t\t\t\t\t\t\t\t\t\t<span class=\"elementor-toggle-icon elementor-toggle-icon-right\" aria-hidden=\"true\">\n\t\t\t\t\t\t\t\t\t\t\t\t\t\t\t<span class=\"elementor-toggle-icon-closed\"><i class=\"fas fa-plus\"><\/i><\/span>\n\t\t\t\t\t\t\t\t<span class=\"elementor-toggle-icon-opened\"><i class=\"elementor-toggle-icon-opened fas fa-minus\"><\/i><\/span>\n\t\t\t\t\t\t\t\t\t\t\t\t\t<\/span>\n\t\t\t\t\t\t\t\t\t\t\t\t<a class=\"elementor-toggle-title\" tabindex=\"0\">Are the glazes used food-safe and non-toxic?<\/a>\n\t\t\t\t\t<\/h3>\n\n\t\t\t\t\t<div id=\"elementor-tab-content-1135\" class=\"elementor-tab-content elementor-clearfix\" data-tab=\"5\" role=\"region\" aria-labelledby=\"elementor-tab-title-1135\"><p>Yes, all the glazes used are food-safe and non-toxic. They meet the highest safety standards and are safe for everyday use with food.<\/p><p>They have been tested not only for lead, as is standard, but also for zinc, cadmium, barium, and antimony.<\/p><\/div>\n\t\t\t\t<\/div>\n\t\t\t\t\t\t\t<div class=\"elementor-toggle-item\">\n\t\t\t\t\t<h3 id=\"elementor-tab-title-1136\" class=\"elementor-tab-title\" data-tab=\"6\" role=\"button\" aria-controls=\"elementor-tab-content-1136\" aria-expanded=\"false\">\n\t\t\t\t\t\t\t\t\t\t\t\t<span class=\"elementor-toggle-icon elementor-toggle-icon-right\" aria-hidden=\"true\">\n\t\t\t\t\t\t\t\t\t\t\t\t\t\t\t<span class=\"elementor-toggle-icon-closed\"><i class=\"fas fa-plus\"><\/i><\/span>\n\t\t\t\t\t\t\t\t<span class=\"elementor-toggle-icon-opened\"><i class=\"elementor-toggle-icon-opened fas fa-minus\"><\/i><\/span>\n\t\t\t\t\t\t\t\t\t\t\t\t\t<\/span>\n\t\t\t\t\t\t\t\t\t\t\t\t<a class=\"elementor-toggle-title\" tabindex=\"0\">Are there options for customization or special orders?<\/a>\n\t\t\t\t\t<\/h3>\n\n\t\t\t\t\t<div id=\"elementor-tab-content-1136\" class=\"elementor-tab-content elementor-clearfix\" data-tab=\"6\" role=\"region\" aria-labelledby=\"elementor-tab-title-1136\"><p>Yes, I offer individual customization and special orders. You can request specific wishes or personalized designs, and I will do my best to discuss your request as promptly as possible.<\/p><\/div>\n\t\t\t\t<\/div>\n\t\t\t\t\t\t\t<div class=\"elementor-toggle-item\">\n\t\t\t\t\t<h3 id=\"elementor-tab-title-1137\" class=\"elementor-tab-title\" data-tab=\"7\" role=\"button\" aria-controls=\"elementor-tab-content-1137\" aria-expanded=\"false\">\n\t\t\t\t\t\t\t\t\t\t\t\t<span class=\"elementor-toggle-icon elementor-toggle-icon-right\" aria-hidden=\"true\">\n\t\t\t\t\t\t\t\t\t\t\t\t\t\t\t<span class=\"elementor-toggle-icon-closed\"><i class=\"fas fa-plus\"><\/i><\/span>\n\t\t\t\t\t\t\t\t<span class=\"elementor-toggle-icon-opened\"><i class=\"elementor-toggle-icon-opened fas fa-minus\"><\/i><\/span>\n\t\t\t\t\t\t\t\t\t\t\t\t\t<\/span>\n\t\t\t\t\t\t\t\t\t\t\t\t<a class=\"elementor-toggle-title\" tabindex=\"0\">What materials are used for the handmade ceramics?<\/a>\n\t\t\t\t\t<\/h3>\n\n\t\t\t\t\t<div id=\"elementor-tab-content-1137\" class=\"elementor-tab-content elementor-clearfix\" data-tab=\"7\" role=\"region\" aria-labelledby=\"elementor-tab-title-1137\"><p>For the handmade ceramics, I use high-quality clays such as stoneware and porcelain.\u00a0<\/p><p>These materials are carefully selected to create pieces that are both aesthetically pleasing and functional.<\/p><\/div>\n\t\t\t\t<\/div>\n\t\t\t\t\t\t\t<div class=\"elementor-toggle-item\">\n\t\t\t\t\t<h3 id=\"elementor-tab-title-1138\" class=\"elementor-tab-title\" data-tab=\"8\" role=\"button\" aria-controls=\"elementor-tab-content-1138\" aria-expanded=\"false\">\n\t\t\t\t\t\t\t\t\t\t\t\t<span class=\"elementor-toggle-icon elementor-toggle-icon-right\" aria-hidden=\"true\">\n\t\t\t\t\t\t\t\t\t\t\t\t\t\t\t<span class=\"elementor-toggle-icon-closed\"><i class=\"fas fa-plus\"><\/i><\/span>\n\t\t\t\t\t\t\t\t<span class=\"elementor-toggle-icon-opened\"><i class=\"elementor-toggle-icon-opened fas fa-minus\"><\/i><\/span>\n\t\t\t\t\t\t\t\t\t\t\t\t\t<\/span>\n\t\t\t\t\t\t\t\t\t\t\t\t<a class=\"elementor-toggle-title\" tabindex=\"0\">How do I apply the glaze correctly?<\/a>\n\t\t\t\t\t<\/h3>\n\n\t\t\t\t\t<div id=\"elementor-tab-content-1138\" class=\"elementor-tab-content elementor-clearfix\" data-tab=\"8\" role=\"region\" aria-labelledby=\"elementor-tab-title-1138\"><p>It is recommended to apply 2-3 generous coats with a soft brush, allowing the glaze to dry slightly between each layer.<\/p><p>Be especially careful with the glaze thickness near the bottom.<\/p><p>When using a new glaze, I also recommend always doing a test firing first!<\/p><\/div>\n\t\t\t\t<\/div>\n\t\t\t\t\t\t\t<div class=\"elementor-toggle-item\">\n\t\t\t\t\t<h3 id=\"elementor-tab-title-1139\" class=\"elementor-tab-title\" data-tab=\"9\" role=\"button\" aria-controls=\"elementor-tab-content-1139\" aria-expanded=\"false\">\n\t\t\t\t\t\t\t\t\t\t\t\t<span class=\"elementor-toggle-icon elementor-toggle-icon-right\" aria-hidden=\"true\">\n\t\t\t\t\t\t\t\t\t\t\t\t\t\t\t<span class=\"elementor-toggle-icon-closed\"><i class=\"fas fa-plus\"><\/i><\/span>\n\t\t\t\t\t\t\t\t<span class=\"elementor-toggle-icon-opened\"><i class=\"elementor-toggle-icon-opened fas fa-minus\"><\/i><\/span>\n\t\t\t\t\t\t\t\t\t\t\t\t\t<\/span>\n\t\t\t\t\t\t\t\t\t\t\t\t<a class=\"elementor-toggle-title\" tabindex=\"0\">How can I achieve different effects with glazes?<\/a>\n\t\t\t\t\t<\/h3>\n\n\t\t\t\t\t<div id=\"elementor-tab-content-1139\" class=\"elementor-tab-content elementor-clearfix\" data-tab=\"9\" role=\"region\" aria-labelledby=\"elementor-tab-title-1139\"><p>You can achieve various effects by techniques such as layering different glazes, using different application methods, and employing masking techniques.<\/p><p>Varying the firing temperatures can also produce interesting textures and colors. However, as mentioned before, it\u2019s important to first experiment on test pieces or similar items. Mixing different glazes can always result in altered melting points.<\/p><\/div>\n\t\t\t\t<\/div>\n\t\t\t\t\t\t\t\t<\/div>\n\t\t\t\t\t\t<\/div>\n\t\t\t\t<\/div>\n\t\t\t\t<\/div>\n\t\t\t\t<\/div>","protected":false},"excerpt":{"rendered":"<p>H\u00e4ufig gestellte Fragen Sind die Keramikprodukte sp\u00fclmaschinen- und mikrowellengeeignet? Zu 99% JA! Generell sind meine Keramikprodukte sp\u00fclmaschinen- und mikrowellengeeignet! Es empfiehlt sich jedoch, Geschirr mit besonderen Glasuren oder speziellen Designs vorsichtig von Hand zu sp\u00fclen. Welche Glasur ist die beste f\u00fcr mein Projekt? Die beste Glasur h\u00e4ngt von Ihrem spezifischen Projekt ab. F\u00fcr funktionale Keramik [&hellip;]<\/p>\n","protected":false},"author":1,"featured_media":0,"parent":0,"menu_order":0,"comment_status":"closed","ping_status":"closed","template":"","meta":{"_acf_changed":false,"footnotes":""},"class_list":["post-1739","page","type-page","status-publish","hentry"],"acf":[],"yoast_head":"<!-- This site is optimized with the Yoast SEO plugin v27.5 - https:\/\/yoast.com\/product\/yoast-seo-wordpress\/ -->\n<title>FAQ - Michael Widhalm<\/title>\n<meta name=\"robots\" content=\"index, follow, max-snippet:-1, max-image-preview:large, max-video-preview:-1\" \/>\n<link rel=\"canonical\" href=\"https:\/\/michaelwidhalm.com\/en\/faq\/\" \/>\n<meta property=\"og:locale\" content=\"en_US\" \/>\n<meta property=\"og:type\" content=\"article\" \/>\n<meta property=\"og:title\" content=\"FAQ - Michael Widhalm\" \/>\n<meta property=\"og:description\" content=\"H\u00e4ufig gestellte Fragen Sind die Keramikprodukte sp\u00fclmaschinen- und mikrowellengeeignet? Zu 99% JA! Generell sind meine Keramikprodukte sp\u00fclmaschinen- und mikrowellengeeignet! Es empfiehlt sich jedoch, Geschirr mit besonderen Glasuren oder speziellen Designs vorsichtig von Hand zu sp\u00fclen. Welche Glasur ist die beste f\u00fcr mein Projekt? Die beste Glasur h\u00e4ngt von Ihrem spezifischen Projekt ab. F\u00fcr funktionale Keramik [&hellip;]\" \/>\n<meta property=\"og:url\" content=\"https:\/\/michaelwidhalm.com\/en\/faq\/\" \/>\n<meta property=\"og:site_name\" content=\"Michael Widhalm\" \/>\n<meta property=\"article:modified_time\" content=\"2025-05-26T13:57:09+00:00\" \/>\n<meta name=\"twitter:card\" content=\"summary_large_image\" \/>\n<meta name=\"twitter:label1\" content=\"Est. reading time\" \/>\n\t<meta name=\"twitter:data1\" content=\"3 minutes\" \/>\n<script type=\"application\/ld+json\" class=\"yoast-schema-graph\">{\"@context\":\"https:\\\/\\\/schema.org\",\"@graph\":[{\"@type\":\"WebPage\",\"@id\":\"https:\\\/\\\/michaelwidhalm.com\\\/faq\\\/\",\"url\":\"https:\\\/\\\/michaelwidhalm.com\\\/faq\\\/\",\"name\":\"FAQ - Michael Widhalm\",\"isPartOf\":{\"@id\":\"https:\\\/\\\/michaelwidhalm.com\\\/#website\"},\"datePublished\":\"2024-07-30T09:24:59+00:00\",\"dateModified\":\"2025-05-26T13:57:09+00:00\",\"breadcrumb\":{\"@id\":\"https:\\\/\\\/michaelwidhalm.com\\\/faq\\\/#breadcrumb\"},\"inLanguage\":\"en-US\",\"potentialAction\":[{\"@type\":\"ReadAction\",\"target\":[\"https:\\\/\\\/michaelwidhalm.com\\\/faq\\\/\"]}]},{\"@type\":\"BreadcrumbList\",\"@id\":\"https:\\\/\\\/michaelwidhalm.com\\\/faq\\\/#breadcrumb\",\"itemListElement\":[{\"@type\":\"ListItem\",\"position\":1,\"name\":\"Startseite\",\"item\":\"https:\\\/\\\/michaelwidhalm.com\\\/\"},{\"@type\":\"ListItem\",\"position\":2,\"name\":\"FAQ\"}]},{\"@type\":\"WebSite\",\"@id\":\"https:\\\/\\\/michaelwidhalm.com\\\/#website\",\"url\":\"https:\\\/\\\/michaelwidhalm.com\\\/\",\"name\":\"Michael Widhalm\",\"description\":\"Wiener Keramikermeister \\\/ VIennese Master Ceramicist\",\"publisher\":{\"@id\":\"https:\\\/\\\/michaelwidhalm.com\\\/#\\\/schema\\\/person\\\/08fe8f0e77e8154f72c968dabe69fd73\"},\"potentialAction\":[{\"@type\":\"SearchAction\",\"target\":{\"@type\":\"EntryPoint\",\"urlTemplate\":\"https:\\\/\\\/michaelwidhalm.com\\\/?s={search_term_string}\"},\"query-input\":{\"@type\":\"PropertyValueSpecification\",\"valueRequired\":true,\"valueName\":\"search_term_string\"}}],\"inLanguage\":\"en-US\"},{\"@type\":[\"Person\",\"Organization\"],\"@id\":\"https:\\\/\\\/michaelwidhalm.com\\\/#\\\/schema\\\/person\\\/08fe8f0e77e8154f72c968dabe69fd73\",\"name\":\"michaelwidhalm\",\"image\":{\"@type\":\"ImageObject\",\"inLanguage\":\"en-US\",\"@id\":\"https:\\\/\\\/michaelwidhalm.com\\\/wp-content\\\/uploads\\\/2023\\\/08\\\/mike-Kopie-Kopie.png\",\"url\":\"https:\\\/\\\/michaelwidhalm.com\\\/wp-content\\\/uploads\\\/2023\\\/08\\\/mike-Kopie-Kopie.png\",\"contentUrl\":\"https:\\\/\\\/michaelwidhalm.com\\\/wp-content\\\/uploads\\\/2023\\\/08\\\/mike-Kopie-Kopie.png\",\"width\":1958,\"height\":1917,\"caption\":\"michaelwidhalm\"},\"logo\":{\"@id\":\"https:\\\/\\\/michaelwidhalm.com\\\/wp-content\\\/uploads\\\/2023\\\/08\\\/mike-Kopie-Kopie.png\"},\"sameAs\":[\"http:\\\/\\\/michaelwidhalm.com\",\"https:\\\/\\\/www.instagram.com\\\/mikes_creations\\\/\"]}]}<\/script>\n<!-- \/ Yoast SEO plugin. -->","yoast_head_json":{"title":"FAQ - Michael Widhalm","robots":{"index":"index","follow":"follow","max-snippet":"max-snippet:-1","max-image-preview":"max-image-preview:large","max-video-preview":"max-video-preview:-1"},"canonical":"https:\/\/michaelwidhalm.com\/en\/faq\/","og_locale":"en_US","og_type":"article","og_title":"FAQ - Michael Widhalm","og_description":"H\u00e4ufig gestellte Fragen Sind die Keramikprodukte sp\u00fclmaschinen- und mikrowellengeeignet? Zu 99% JA! Generell sind meine Keramikprodukte sp\u00fclmaschinen- und mikrowellengeeignet! Es empfiehlt sich jedoch, Geschirr mit besonderen Glasuren oder speziellen Designs vorsichtig von Hand zu sp\u00fclen. Welche Glasur ist die beste f\u00fcr mein Projekt? Die beste Glasur h\u00e4ngt von Ihrem spezifischen Projekt ab. F\u00fcr funktionale Keramik [&hellip;]","og_url":"https:\/\/michaelwidhalm.com\/en\/faq\/","og_site_name":"Michael Widhalm","article_modified_time":"2025-05-26T13:57:09+00:00","twitter_card":"summary_large_image","twitter_misc":{"Est. reading time":"3 minutes"},"schema":{"@context":"https:\/\/schema.org","@graph":[{"@type":"WebPage","@id":"https:\/\/michaelwidhalm.com\/faq\/","url":"https:\/\/michaelwidhalm.com\/faq\/","name":"FAQ - Michael Widhalm","isPartOf":{"@id":"https:\/\/michaelwidhalm.com\/#website"},"datePublished":"2024-07-30T09:24:59+00:00","dateModified":"2025-05-26T13:57:09+00:00","breadcrumb":{"@id":"https:\/\/michaelwidhalm.com\/faq\/#breadcrumb"},"inLanguage":"en-US","potentialAction":[{"@type":"ReadAction","target":["https:\/\/michaelwidhalm.com\/faq\/"]}]},{"@type":"BreadcrumbList","@id":"https:\/\/michaelwidhalm.com\/faq\/#breadcrumb","itemListElement":[{"@type":"ListItem","position":1,"name":"Startseite","item":"https:\/\/michaelwidhalm.com\/"},{"@type":"ListItem","position":2,"name":"FAQ"}]},{"@type":"WebSite","@id":"https:\/\/michaelwidhalm.com\/#website","url":"https:\/\/michaelwidhalm.com\/","name":"Michael Widhalm","description":"Wiener Keramikermeister \/ VIennese Master Ceramicist","publisher":{"@id":"https:\/\/michaelwidhalm.com\/#\/schema\/person\/08fe8f0e77e8154f72c968dabe69fd73"},"potentialAction":[{"@type":"SearchAction","target":{"@type":"EntryPoint","urlTemplate":"https:\/\/michaelwidhalm.com\/?s={search_term_string}"},"query-input":{"@type":"PropertyValueSpecification","valueRequired":true,"valueName":"search_term_string"}}],"inLanguage":"en-US"},{"@type":["Person","Organization"],"@id":"https:\/\/michaelwidhalm.com\/#\/schema\/person\/08fe8f0e77e8154f72c968dabe69fd73","name":"michaelwidhalm","image":{"@type":"ImageObject","inLanguage":"en-US","@id":"https:\/\/michaelwidhalm.com\/wp-content\/uploads\/2023\/08\/mike-Kopie-Kopie.png","url":"https:\/\/michaelwidhalm.com\/wp-content\/uploads\/2023\/08\/mike-Kopie-Kopie.png","contentUrl":"https:\/\/michaelwidhalm.com\/wp-content\/uploads\/2023\/08\/mike-Kopie-Kopie.png","width":1958,"height":1917,"caption":"michaelwidhalm"},"logo":{"@id":"https:\/\/michaelwidhalm.com\/wp-content\/uploads\/2023\/08\/mike-Kopie-Kopie.png"},"sameAs":["http:\/\/michaelwidhalm.com","https:\/\/www.instagram.com\/mikes_creations\/"]}]}},"_links":{"self":[{"href":"https:\/\/michaelwidhalm.com\/en\/wp-json\/wp\/v2\/pages\/1739","targetHints":{"allow":["GET"]}}],"collection":[{"href":"https:\/\/michaelwidhalm.com\/en\/wp-json\/wp\/v2\/pages"}],"about":[{"href":"https:\/\/michaelwidhalm.com\/en\/wp-json\/wp\/v2\/types\/page"}],"author":[{"embeddable":true,"href":"https:\/\/michaelwidhalm.com\/en\/wp-json\/wp\/v2\/users\/1"}],"replies":[{"embeddable":true,"href":"https:\/\/michaelwidhalm.com\/en\/wp-json\/wp\/v2\/comments?post=1739"}],"version-history":[{"count":10,"href":"https:\/\/michaelwidhalm.com\/en\/wp-json\/wp\/v2\/pages\/1739\/revisions"}],"predecessor-version":[{"id":3684,"href":"https:\/\/michaelwidhalm.com\/en\/wp-json\/wp\/v2\/pages\/1739\/revisions\/3684"}],"wp:attachment":[{"href":"https:\/\/michaelwidhalm.com\/en\/wp-json\/wp\/v2\/media?parent=1739"}],"curies":[{"name":"wp","href":"https:\/\/api.w.org\/{rel}","templated":true}]}}