{"id":203,"date":"2023-08-01T20:52:00","date_gmt":"2023-08-01T18:52:00","guid":{"rendered":"https:\/\/michaelwidhalm.com\/?page_id=203"},"modified":"2025-05-27T12:37:19","modified_gmt":"2025-05-27T10:37:19","slug":"contact","status":"publish","type":"page","link":"https:\/\/michaelwidhalm.com\/en\/contact\/","title":{"rendered":"Contact"},"content":{"rendered":"\t\t<div data-elementor-type=\"wp-page\" data-elementor-id=\"203\" class=\"elementor elementor-203\" data-elementor-post-type=\"page\">\n\t\t\t\t<div class=\"elementor-element elementor-element-7c7d0d1 e-con-full e-flex e-con e-parent\" data-id=\"7c7d0d1\" data-element_type=\"container\" data-e-type=\"container\">\n\t\t\t\t<div class=\"elementor-element elementor-element-e0455b0 elementor-widget elementor-widget-heading\" data-id=\"e0455b0\" data-element_type=\"widget\" data-e-type=\"widget\" data-widget_type=\"heading.default\">\n\t\t\t\t<div class=\"elementor-widget-container\">\n\t\t\t\t\t<h2 class=\"elementor-heading-title elementor-size-default\">Kontakt<\/h2>\t\t\t\t<\/div>\n\t\t\t\t<\/div>\n\t\t\t\t<div class=\"elementor-element elementor-element-8e93034 elementor-widget elementor-widget-text-editor\" data-id=\"8e93034\" data-element_type=\"widget\" data-e-type=\"widget\" data-widget_type=\"text-editor.default\">\n\t\t\t\t<div class=\"elementor-widget-container\">\n\t\t\t\t\t\t\t\t\t<p>Falls Sie Fragen zu meinen Arbeiten, zum Kauf oder zu anderen Themen haben, melden Sie sich gerne bei mir. F\u00fcr kurze R\u00fcckfragen bin ich auch unkompliziert \u00fcber Instagram erreichbar.<\/p><p>Schauen Sie auch gerne auf meiner FAQ-Seite vorbei \u2013 dort finden Sie Antworten auf viele h\u00e4ufig gestellte Fragen.<\/p>\t\t\t\t\t\t\t\t<\/div>\n\t\t\t\t<\/div>\n\t\t\t\t<\/div>\n\t\t<div class=\"elementor-element elementor-element-e1c4369 e-flex e-con-boxed e-con e-parent\" data-id=\"e1c4369\" data-element_type=\"container\" data-e-type=\"container\" data-settings=\"{&quot;background_background&quot;:&quot;classic&quot;}\">\n\t\t\t\t\t<div class=\"e-con-inner\">\n\t\t\t\t<div class=\"elementor-element elementor-element-425378b9 elementor-button-align-center elementor-widget__width-initial elementor-widget elementor-widget-form\" data-id=\"425378b9\" data-element_type=\"widget\" data-e-type=\"widget\" data-settings=\"{&quot;step_next_label&quot;:&quot;Next&quot;,&quot;step_previous_label&quot;:&quot;Previous&quot;,&quot;button_width&quot;:&quot;100&quot;,&quot;step_type&quot;:&quot;number_text&quot;,&quot;step_icon_shape&quot;:&quot;circle&quot;}\" data-widget_type=\"form.default\">\n\t\t\t\t<div class=\"elementor-widget-container\">\n\t\t\t\t\t\t\t<form class=\"elementor-form\" method=\"post\" name=\"Contact Form\" aria-label=\"Contact Form\">\n\t\t\t<input type=\"hidden\" name=\"post_id\" value=\"203\"\/>\n\t\t\t<input type=\"hidden\" name=\"form_id\" value=\"425378b9\"\/>\n\t\t\t<input type=\"hidden\" name=\"referer_title\" value=\"Kontakt - Michael Widhalm\" \/>\n\n\t\t\t\t\t\t\t<input type=\"hidden\" name=\"queried_id\" value=\"203\"\/>\n\t\t\t\n\t\t\t<div class=\"elementor-form-fields-wrapper elementor-labels-\">\n\t\t\t\t\t\t\t\t<div class=\"elementor-field-type-text elementor-field-group elementor-column elementor-field-group-name elementor-col-50\">\n\t\t\t\t\t\t\t\t\t\t\t\t<label for=\"form-field-name\" class=\"elementor-field-label elementor-screen-only\">\n\t\t\t\t\t\t\t\tYour Name\t\t\t\t\t\t\t<\/label>\n\t\t\t\t\t\t\t\t\t\t\t\t\t\t<input size=\"1\" type=\"text\" name=\"form_fields[name]\" id=\"form-field-name\" class=\"elementor-field elementor-size-md  elementor-field-textual\" placeholder=\"Name\">\n\t\t\t\t\t\t\t\t\t\t\t<\/div>\n\t\t\t\t\t\t\t\t<div class=\"elementor-field-type-email elementor-field-group elementor-column elementor-field-group-email elementor-col-50 elementor-field-required\">\n\t\t\t\t\t\t\t\t\t\t\t\t<label for=\"form-field-email\" class=\"elementor-field-label elementor-screen-only\">\n\t\t\t\t\t\t\t\tYour Email\t\t\t\t\t\t\t<\/label>\n\t\t\t\t\t\t\t\t\t\t\t\t\t\t<input size=\"1\" type=\"email\" name=\"form_fields[email]\" id=\"form-field-email\" class=\"elementor-field elementor-size-md  elementor-field-textual\" placeholder=\"Email\" required=\"required\">\n\t\t\t\t\t\t\t\t\t\t\t<\/div>\n\t\t\t\t\t\t\t\t<div class=\"elementor-field-type-tel elementor-field-group elementor-column elementor-field-group-field_6c180a9 elementor-col-50 elementor-field-required\">\n\t\t\t\t\t\t\t\t\t\t\t\t<label for=\"form-field-field_6c180a9\" class=\"elementor-field-label elementor-screen-only\">\n\t\t\t\t\t\t\t\tPhone Number\t\t\t\t\t\t\t<\/label>\n\t\t\t\t\t\t\t\t<input size=\"1\" type=\"tel\" name=\"form_fields[field_6c180a9]\" id=\"form-field-field_6c180a9\" class=\"elementor-field elementor-size-md  elementor-field-textual\" placeholder=\"Telefon\" required=\"required\" pattern=\"[0-9()#&amp;+*-=.]+\" title=\"Nur Nummern oder Telefon-Zeichen (#, -, *, etc) werden akzeptiert.\">\n\n\t\t\t\t\t\t<\/div>\n\t\t\t\t\t\t\t\t<div class=\"elementor-field-type-text elementor-field-group elementor-column elementor-field-group-field_b743cd7 elementor-col-50 elementor-field-required\">\n\t\t\t\t\t\t\t\t\t\t\t\t<label for=\"form-field-field_b743cd7\" class=\"elementor-field-label elementor-screen-only\">\n\t\t\t\t\t\t\t\tUrsprung\t\t\t\t\t\t\t<\/label>\n\t\t\t\t\t\t\t\t\t\t\t\t\t\t<input size=\"1\" type=\"text\" name=\"form_fields[field_b743cd7]\" id=\"form-field-field_b743cd7\" class=\"elementor-field elementor-size-md  elementor-field-textual\" placeholder=\"Land\" required=\"required\">\n\t\t\t\t\t\t\t\t\t\t\t<\/div>\n\t\t\t\t\t\t\t\t<div class=\"elementor-field-type-textarea elementor-field-group elementor-column elementor-field-group-message elementor-col-100\">\n\t\t\t\t\t\t\t\t\t\t\t\t<label for=\"form-field-message\" class=\"elementor-field-label elementor-screen-only\">\n\t\t\t\t\t\t\t\tMessage\t\t\t\t\t\t\t<\/label>\n\t\t\t\t\t\t<textarea class=\"elementor-field-textual elementor-field  elementor-size-md\" name=\"form_fields[message]\" id=\"form-field-message\" rows=\"11\" placeholder=\"Nachricht\"><\/textarea>\t\t\t\t<\/div>\n\t\t\t\t\t\t\t\t<div class=\"elementor-field-group elementor-column elementor-field-type-submit elementor-col-100 e-form__buttons\">\n\t\t\t\t\t<button class=\"elementor-button elementor-size-sm elementor-animation-grow\" type=\"submit\">\n\t\t\t\t\t\t<span class=\"elementor-button-content-wrapper\">\n\t\t\t\t\t\t\t\t\t\t\t\t\t\t\t<span class=\"elementor-button-icon\">\n\t\t\t\t\t\t\t\t\t<i aria-hidden=\"true\" class=\"far fa-paper-plane\"><\/i>\t\t\t\t\t\t\t\t\t\t\t\t\t\t\t\t\t<\/span>\n\t\t\t\t\t\t\t\t\t\t\t\t\t\t\t\t\t\t\t\t\t\t<span class=\"elementor-button-text\">Send<\/span>\n\t\t\t\t\t\t\t\t\t\t\t\t\t<\/span>\n\t\t\t\t\t<\/button>\n\t\t\t\t<\/div>\n\t\t\t<\/div>\n\t\t<\/form>\n\t\t\t\t\t\t<\/div>\n\t\t\t\t<\/div>\n\t\t\t\t<div class=\"elementor-element elementor-element-6095a4b elementor-widget-divider--view-line elementor-widget elementor-widget-divider\" data-id=\"6095a4b\" data-element_type=\"widget\" data-e-type=\"widget\" data-widget_type=\"divider.default\">\n\t\t\t\t<div class=\"elementor-widget-container\">\n\t\t\t\t\t\t\t<div class=\"elementor-divider\">\n\t\t\t<span class=\"elementor-divider-separator\">\n\t\t\t\t\t\t<\/span>\n\t\t<\/div>\n\t\t\t\t\t\t<\/div>\n\t\t\t\t<\/div>\n\t\t\t\t\t<\/div>\n\t\t\t\t<\/div>\n\t\t<div class=\"elementor-element elementor-element-df25d01 e-con-full e-flex e-con e-parent\" data-id=\"df25d01\" data-element_type=\"container\" data-e-type=\"container\" data-settings=\"{&quot;background_background&quot;:&quot;gradient&quot;,&quot;shape_divider_top&quot;:&quot;mountains&quot;}\">\n\t\t\t\t<div class=\"elementor-shape elementor-shape-top\" aria-hidden=\"true\" data-negative=\"false\">\n\t\t\t<svg xmlns=\"http:\/\/www.w3.org\/2000\/svg\" viewBox=\"0 0 1000 100\" preserveAspectRatio=\"none\">\n\t<path class=\"elementor-shape-fill\" opacity=\"0.33\" d=\"M473,67.3c-203.9,88.3-263.1-34-320.3,0C66,119.1,0,59.7,0,59.7V0h1000v59.7 c0,0-62.1,26.1-94.9,29.3c-32.8,3.3-62.8-12.3-75.8-22.1C806,49.6,745.3,8.7,694.9,4.7S492.4,59,473,67.3z\"\/>\n\t<path class=\"elementor-shape-fill\" opacity=\"0.66\" d=\"M734,67.3c-45.5,0-77.2-23.2-129.1-39.1c-28.6-8.7-150.3-10.1-254,39.1 s-91.7-34.4-149.2,0C115.7,118.3,0,39.8,0,39.8V0h1000v36.5c0,0-28.2-18.5-92.1-18.5C810.2,18.1,775.7,67.3,734,67.3z\"\/>\n\t<path class=\"elementor-shape-fill\" d=\"M766.1,28.9c-200-57.5-266,65.5-395.1,19.5C242,1.8,242,5.4,184.8,20.6C128,35.8,132.3,44.9,89.9,52.5C28.6,63.7,0,0,0,0 h1000c0,0-9.9,40.9-83.6,48.1S829.6,47,766.1,28.9z\"\/>\n<\/svg>\t\t<\/div>\n\t\t<div class=\"elementor-element elementor-element-2397f94f e-flex e-con-boxed e-con e-child\" data-id=\"2397f94f\" data-element_type=\"container\" data-e-type=\"container\">\n\t\t\t\t\t<div class=\"e-con-inner\">\n\t\t\t\t<div class=\"elementor-element elementor-element-77145fda elementor-widget elementor-widget-heading\" data-id=\"77145fda\" data-element_type=\"widget\" data-e-type=\"widget\" data-widget_type=\"heading.default\">\n\t\t\t\t<div class=\"elementor-widget-container\">\n\t\t\t\t\t<h2 class=\"elementor-heading-title elementor-size-default\">Newsletter<\/h2>\t\t\t\t<\/div>\n\t\t\t\t<\/div>\n\t\t\t\t<div class=\"elementor-element elementor-element-63049757 elementor-widget__width-initial elementor-widget-mobile__width-inherit elementor-widget elementor-widget-text-editor\" data-id=\"63049757\" data-element_type=\"widget\" data-e-type=\"widget\" data-widget_type=\"text-editor.default\">\n\t\t\t\t<div class=\"elementor-widget-container\">\n\t\t\t\t\t\t\t\t\t<p>Melden Sie sich f\u00fcr meinen Newsletter an und verpassen Sie keine Neuigkeiten mehr!<\/p><p>Erhalten Sie exklusive Angebote, aktuelle Informationen und Neuigkeiten direkt in Ihr Postfach.<\/p>\t\t\t\t\t\t\t\t<\/div>\n\t\t\t\t<\/div>\n\t\t\t\t<div class=\"elementor-element elementor-element-3ec148f0 elementor-tablet-button-align-stretch elementor-mobile-button-align-center elementor-widget elementor-widget-form\" data-id=\"3ec148f0\" data-element_type=\"widget\" data-e-type=\"widget\" data-settings=\"{&quot;step_next_label&quot;:&quot;Next&quot;,&quot;step_previous_label&quot;:&quot;Previous&quot;,&quot;button_width&quot;:&quot;20&quot;,&quot;button_width_tablet&quot;:&quot;100&quot;,&quot;button_width_mobile&quot;:&quot;100&quot;,&quot;step_type&quot;:&quot;number_text&quot;,&quot;step_icon_shape&quot;:&quot;circle&quot;}\" data-widget_type=\"form.default\">\n\t\t\t\t<div class=\"elementor-widget-container\">\n\t\t\t\t\t\t\t<form class=\"elementor-form\" method=\"post\" name=\"Subscribe\" aria-label=\"Subscribe\">\n\t\t\t<input type=\"hidden\" name=\"post_id\" value=\"203\"\/>\n\t\t\t<input type=\"hidden\" name=\"form_id\" value=\"3ec148f0\"\/>\n\t\t\t<input type=\"hidden\" name=\"referer_title\" value=\"Kontakt - Michael Widhalm\" \/>\n\n\t\t\t\t\t\t\t<input type=\"hidden\" name=\"queried_id\" value=\"203\"\/>\n\t\t\t\n\t\t\t<div class=\"elementor-form-fields-wrapper elementor-labels-\">\n\t\t\t\t\t\t\t\t<div class=\"elementor-field-type-text elementor-field-group elementor-column elementor-field-group-email elementor-col-40 elementor-md-50 elementor-field-required\">\n\t\t\t\t\t\t\t\t\t\t\t\t<label for=\"form-field-email\" class=\"elementor-field-label elementor-screen-only\">\n\t\t\t\t\t\t\t\tFull Name*\t\t\t\t\t\t\t<\/label>\n\t\t\t\t\t\t\t\t\t\t\t\t\t\t<input size=\"1\" type=\"text\" name=\"form_fields[email]\" id=\"form-field-email\" class=\"elementor-field elementor-size-sm  elementor-field-textual\" placeholder=\"Name*\" required=\"required\">\n\t\t\t\t\t\t\t\t\t\t\t<\/div>\n\t\t\t\t\t\t\t\t<div class=\"elementor-field-type-email elementor-field-group elementor-column elementor-field-group-field_93b5660 elementor-col-40 elementor-md-50 elementor-field-required\">\n\t\t\t\t\t\t\t\t\t\t\t\t<label for=\"form-field-field_93b5660\" class=\"elementor-field-label elementor-screen-only\">\n\t\t\t\t\t\t\t\tEmail*\t\t\t\t\t\t\t<\/label>\n\t\t\t\t\t\t\t\t\t\t\t\t\t\t<input size=\"1\" type=\"email\" name=\"form_fields[field_93b5660]\" id=\"form-field-field_93b5660\" class=\"elementor-field elementor-size-sm  elementor-field-textual\" placeholder=\"Email*\" required=\"required\">\n\t\t\t\t\t\t\t\t\t\t\t<\/div>\n\t\t\t\t\t\t\t\t<div class=\"elementor-field-group elementor-column elementor-field-type-submit elementor-col-20 e-form__buttons elementor-md-100 elementor-sm-100\">\n\t\t\t\t\t<button class=\"elementor-button elementor-size-sm elementor-animation-grow\" type=\"submit\">\n\t\t\t\t\t\t<span class=\"elementor-button-content-wrapper\">\n\t\t\t\t\t\t\t\t\t\t\t\t\t\t\t<span class=\"elementor-button-icon\">\n\t\t\t\t\t\t\t\t\t<i aria-hidden=\"true\" class=\"far fa-paper-plane\"><\/i>\t\t\t\t\t\t\t\t\t\t\t\t\t\t\t\t\t\t\t<span class=\"elementor-screen-only\">Senden<\/span>\n\t\t\t\t\t\t\t\t\t\t\t\t\t\t\t\t\t<\/span>\n\t\t\t\t\t\t\t\t\t\t\t\t\t\t\t\t\t\t\t\t<\/span>\n\t\t\t\t\t<\/button>\n\t\t\t\t<\/div>\n\t\t\t<\/div>\n\t\t<\/form>\n\t\t\t\t\t\t<\/div>\n\t\t\t\t<\/div>\n\t\t\t\t\t<\/div>\n\t\t\t\t<\/div>\n\t\t\t\t<\/div>\n\t\t<div class=\"elementor-element elementor-element-b3751cc e-flex e-con-boxed e-con e-parent\" data-id=\"b3751cc\" data-element_type=\"container\" data-e-type=\"container\">\n\t\t\t\t\t<div class=\"e-con-inner\">\n\t\t\t\t<div class=\"elementor-element elementor-element-cf8e463 elementor-widget-divider--view-line elementor-widget elementor-widget-divider\" data-id=\"cf8e463\" data-element_type=\"widget\" data-e-type=\"widget\" data-widget_type=\"divider.default\">\n\t\t\t\t<div class=\"elementor-widget-container\">\n\t\t\t\t\t\t\t<div class=\"elementor-divider\">\n\t\t\t<span class=\"elementor-divider-separator\">\n\t\t\t\t\t\t<\/span>\n\t\t<\/div>\n\t\t\t\t\t\t<\/div>\n\t\t\t\t<\/div>\n\t\t\t\t<div class=\"elementor-element elementor-element-56deec5 elementor-widget elementor-widget-image\" data-id=\"56deec5\" data-element_type=\"widget\" data-e-type=\"widget\" data-widget_type=\"image.default\">\n\t\t\t\t<div class=\"elementor-widget-container\">\n\t\t\t\t\t\t\t\t\t\t\t\t\t\t\t<img fetchpriority=\"high\" decoding=\"async\" width=\"1536\" height=\"1056\" src=\"https:\/\/michaelwidhalm.com\/wp-content\/uploads\/2024\/10\/KANNEEE-1536x1056.jpg\" class=\"attachment-1536x1536 size-1536x1536 wp-image-2844\" alt=\"\" srcset=\"https:\/\/michaelwidhalm.com\/wp-content\/uploads\/2024\/10\/KANNEEE-1536x1056.jpg 1536w, https:\/\/michaelwidhalm.com\/wp-content\/uploads\/2024\/10\/KANNEEE-scaled-400x275.jpg 400w, https:\/\/michaelwidhalm.com\/wp-content\/uploads\/2024\/10\/KANNEEE-scaled-600x413.jpg 600w, https:\/\/michaelwidhalm.com\/wp-content\/uploads\/2024\/10\/KANNEEE-300x206.jpg 300w, https:\/\/michaelwidhalm.com\/wp-content\/uploads\/2024\/10\/KANNEEE-1024x704.jpg 1024w, https:\/\/michaelwidhalm.com\/wp-content\/uploads\/2024\/10\/KANNEEE-768x528.jpg 768w, https:\/\/michaelwidhalm.com\/wp-content\/uploads\/2024\/10\/KANNEEE-2048x1408.jpg 2048w, https:\/\/michaelwidhalm.com\/wp-content\/uploads\/2024\/10\/KANNEEE-18x12.jpg 18w\" sizes=\"(max-width: 1536px) 100vw, 1536px\" \/>\t\t\t\t\t\t\t\t\t\t\t\t\t\t\t<\/div>\n\t\t\t\t<\/div>\n\t\t\t\t\t<\/div>\n\t\t\t\t<\/div>\n\t\t\t\t<\/div>\n\t\t","protected":false},"excerpt":{"rendered":"<p>Kontakt Falls Sie Fragen zu meinen Arbeiten, zum Kauf oder zu anderen Themen haben, melden Sie sich gerne bei mir. F\u00fcr kurze R\u00fcckfragen bin ich auch unkompliziert \u00fcber Instagram erreichbar. Schauen Sie auch gerne auf meiner FAQ-Seite vorbei \u2013 dort finden Sie Antworten auf viele h\u00e4ufig gestellte Fragen. Newsletter Melden Sie sich f\u00fcr meinen Newsletter [&hellip;]<\/p>\n","protected":false},"author":1,"featured_media":0,"parent":0,"menu_order":0,"comment_status":"closed","ping_status":"closed","template":"elementor_header_footer","meta":{"_acf_changed":false,"footnotes":""},"class_list":["post-203","page","type-page","status-publish","hentry"],"acf":[],"yoast_head":"<!-- This site is optimized with the Yoast SEO plugin v27.5 - https:\/\/yoast.com\/product\/yoast-seo-wordpress\/ -->\n<title>Kontakt - Michael Widhalm<\/title>\n<meta name=\"robots\" content=\"index, follow, max-snippet:-1, max-image-preview:large, max-video-preview:-1\" \/>\n<link rel=\"canonical\" href=\"https:\/\/michaelwidhalm.com\/en\/contact\/\" \/>\n<meta property=\"og:locale\" content=\"en_US\" \/>\n<meta property=\"og:type\" content=\"article\" \/>\n<meta property=\"og:title\" content=\"Kontakt - Michael Widhalm\" \/>\n<meta property=\"og:description\" content=\"Kontakt Falls Sie Fragen zu meinen Arbeiten, zum Kauf oder zu anderen Themen haben, melden Sie sich gerne bei mir. F\u00fcr kurze R\u00fcckfragen bin ich auch unkompliziert \u00fcber Instagram erreichbar. Schauen Sie auch gerne auf meiner FAQ-Seite vorbei \u2013 dort finden Sie Antworten auf viele h\u00e4ufig gestellte Fragen. Newsletter Melden Sie sich f\u00fcr meinen Newsletter [&hellip;]\" \/>\n<meta property=\"og:url\" content=\"https:\/\/michaelwidhalm.com\/en\/contact\/\" \/>\n<meta property=\"og:site_name\" content=\"Michael Widhalm\" \/>\n<meta property=\"article:modified_time\" content=\"2025-05-27T10:37:19+00:00\" \/>\n<meta property=\"og:image\" content=\"https:\/\/michaelwidhalm.com\/wp-content\/uploads\/2024\/10\/KANNEEE-scaled.jpg\" \/>\n\t<meta property=\"og:image:width\" content=\"2560\" \/>\n\t<meta property=\"og:image:height\" content=\"1760\" \/>\n\t<meta property=\"og:image:type\" content=\"image\/jpeg\" \/>\n<meta name=\"twitter:card\" content=\"summary_large_image\" \/>\n<meta name=\"twitter:label1\" content=\"Est. reading time\" \/>\n\t<meta name=\"twitter:data1\" content=\"1 minute\" \/>\n<script type=\"application\/ld+json\" class=\"yoast-schema-graph\">{\"@context\":\"https:\\\/\\\/schema.org\",\"@graph\":[{\"@type\":\"WebPage\",\"@id\":\"https:\\\/\\\/michaelwidhalm.com\\\/contact\\\/\",\"url\":\"https:\\\/\\\/michaelwidhalm.com\\\/contact\\\/\",\"name\":\"Kontakt - Michael Widhalm\",\"isPartOf\":{\"@id\":\"https:\\\/\\\/michaelwidhalm.com\\\/#website\"},\"primaryImageOfPage\":{\"@id\":\"https:\\\/\\\/michaelwidhalm.com\\\/contact\\\/#primaryimage\"},\"image\":{\"@id\":\"https:\\\/\\\/michaelwidhalm.com\\\/contact\\\/#primaryimage\"},\"thumbnailUrl\":\"https:\\\/\\\/michaelwidhalm.com\\\/wp-content\\\/uploads\\\/2024\\\/10\\\/KANNEEE-1536x1056.jpg\",\"datePublished\":\"2023-08-01T18:52:00+00:00\",\"dateModified\":\"2025-05-27T10:37:19+00:00\",\"breadcrumb\":{\"@id\":\"https:\\\/\\\/michaelwidhalm.com\\\/contact\\\/#breadcrumb\"},\"inLanguage\":\"en-US\",\"potentialAction\":[{\"@type\":\"ReadAction\",\"target\":[\"https:\\\/\\\/michaelwidhalm.com\\\/contact\\\/\"]}]},{\"@type\":\"ImageObject\",\"inLanguage\":\"en-US\",\"@id\":\"https:\\\/\\\/michaelwidhalm.com\\\/contact\\\/#primaryimage\",\"url\":\"https:\\\/\\\/michaelwidhalm.com\\\/wp-content\\\/uploads\\\/2024\\\/10\\\/KANNEEE-1536x1056.jpg\",\"contentUrl\":\"https:\\\/\\\/michaelwidhalm.com\\\/wp-content\\\/uploads\\\/2024\\\/10\\\/KANNEEE-1536x1056.jpg\"},{\"@type\":\"BreadcrumbList\",\"@id\":\"https:\\\/\\\/michaelwidhalm.com\\\/contact\\\/#breadcrumb\",\"itemListElement\":[{\"@type\":\"ListItem\",\"position\":1,\"name\":\"Startseite\",\"item\":\"https:\\\/\\\/michaelwidhalm.com\\\/\"},{\"@type\":\"ListItem\",\"position\":2,\"name\":\"Kontakt\"}]},{\"@type\":\"WebSite\",\"@id\":\"https:\\\/\\\/michaelwidhalm.com\\\/#website\",\"url\":\"https:\\\/\\\/michaelwidhalm.com\\\/\",\"name\":\"Michael Widhalm\",\"description\":\"Wiener Keramikermeister \\\/ VIennese Master Ceramicist\",\"publisher\":{\"@id\":\"https:\\\/\\\/michaelwidhalm.com\\\/#\\\/schema\\\/person\\\/08fe8f0e77e8154f72c968dabe69fd73\"},\"potentialAction\":[{\"@type\":\"SearchAction\",\"target\":{\"@type\":\"EntryPoint\",\"urlTemplate\":\"https:\\\/\\\/michaelwidhalm.com\\\/?s={search_term_string}\"},\"query-input\":{\"@type\":\"PropertyValueSpecification\",\"valueRequired\":true,\"valueName\":\"search_term_string\"}}],\"inLanguage\":\"en-US\"},{\"@type\":[\"Person\",\"Organization\"],\"@id\":\"https:\\\/\\\/michaelwidhalm.com\\\/#\\\/schema\\\/person\\\/08fe8f0e77e8154f72c968dabe69fd73\",\"name\":\"michaelwidhalm\",\"image\":{\"@type\":\"ImageObject\",\"inLanguage\":\"en-US\",\"@id\":\"https:\\\/\\\/michaelwidhalm.com\\\/wp-content\\\/uploads\\\/2023\\\/08\\\/mike-Kopie-Kopie.png\",\"url\":\"https:\\\/\\\/michaelwidhalm.com\\\/wp-content\\\/uploads\\\/2023\\\/08\\\/mike-Kopie-Kopie.png\",\"contentUrl\":\"https:\\\/\\\/michaelwidhalm.com\\\/wp-content\\\/uploads\\\/2023\\\/08\\\/mike-Kopie-Kopie.png\",\"width\":1958,\"height\":1917,\"caption\":\"michaelwidhalm\"},\"logo\":{\"@id\":\"https:\\\/\\\/michaelwidhalm.com\\\/wp-content\\\/uploads\\\/2023\\\/08\\\/mike-Kopie-Kopie.png\"},\"sameAs\":[\"http:\\\/\\\/michaelwidhalm.com\",\"https:\\\/\\\/www.instagram.com\\\/mikes_creations\\\/\"]}]}<\/script>\n<!-- \/ Yoast SEO plugin. -->","yoast_head_json":{"title":"Kontakt - Michael Widhalm","robots":{"index":"index","follow":"follow","max-snippet":"max-snippet:-1","max-image-preview":"max-image-preview:large","max-video-preview":"max-video-preview:-1"},"canonical":"https:\/\/michaelwidhalm.com\/en\/contact\/","og_locale":"en_US","og_type":"article","og_title":"Kontakt - Michael Widhalm","og_description":"Kontakt Falls Sie Fragen zu meinen Arbeiten, zum Kauf oder zu anderen Themen haben, melden Sie sich gerne bei mir. F\u00fcr kurze R\u00fcckfragen bin ich auch unkompliziert \u00fcber Instagram erreichbar. Schauen Sie auch gerne auf meiner FAQ-Seite vorbei \u2013 dort finden Sie Antworten auf viele h\u00e4ufig gestellte Fragen. Newsletter Melden Sie sich f\u00fcr meinen Newsletter [&hellip;]","og_url":"https:\/\/michaelwidhalm.com\/en\/contact\/","og_site_name":"Michael Widhalm","article_modified_time":"2025-05-27T10:37:19+00:00","og_image":[{"width":2560,"height":1760,"url":"https:\/\/michaelwidhalm.com\/wp-content\/uploads\/2024\/10\/KANNEEE-scaled.jpg","type":"image\/jpeg"}],"twitter_card":"summary_large_image","twitter_misc":{"Est. reading time":"1 minute"},"schema":{"@context":"https:\/\/schema.org","@graph":[{"@type":"WebPage","@id":"https:\/\/michaelwidhalm.com\/contact\/","url":"https:\/\/michaelwidhalm.com\/contact\/","name":"Kontakt - Michael Widhalm","isPartOf":{"@id":"https:\/\/michaelwidhalm.com\/#website"},"primaryImageOfPage":{"@id":"https:\/\/michaelwidhalm.com\/contact\/#primaryimage"},"image":{"@id":"https:\/\/michaelwidhalm.com\/contact\/#primaryimage"},"thumbnailUrl":"https:\/\/michaelwidhalm.com\/wp-content\/uploads\/2024\/10\/KANNEEE-1536x1056.jpg","datePublished":"2023-08-01T18:52:00+00:00","dateModified":"2025-05-27T10:37:19+00:00","breadcrumb":{"@id":"https:\/\/michaelwidhalm.com\/contact\/#breadcrumb"},"inLanguage":"en-US","potentialAction":[{"@type":"ReadAction","target":["https:\/\/michaelwidhalm.com\/contact\/"]}]},{"@type":"ImageObject","inLanguage":"en-US","@id":"https:\/\/michaelwidhalm.com\/contact\/#primaryimage","url":"https:\/\/michaelwidhalm.com\/wp-content\/uploads\/2024\/10\/KANNEEE-1536x1056.jpg","contentUrl":"https:\/\/michaelwidhalm.com\/wp-content\/uploads\/2024\/10\/KANNEEE-1536x1056.jpg"},{"@type":"BreadcrumbList","@id":"https:\/\/michaelwidhalm.com\/contact\/#breadcrumb","itemListElement":[{"@type":"ListItem","position":1,"name":"Startseite","item":"https:\/\/michaelwidhalm.com\/"},{"@type":"ListItem","position":2,"name":"Kontakt"}]},{"@type":"WebSite","@id":"https:\/\/michaelwidhalm.com\/#website","url":"https:\/\/michaelwidhalm.com\/","name":"Michael Widhalm","description":"Wiener Keramikermeister \/ VIennese Master Ceramicist","publisher":{"@id":"https:\/\/michaelwidhalm.com\/#\/schema\/person\/08fe8f0e77e8154f72c968dabe69fd73"},"potentialAction":[{"@type":"SearchAction","target":{"@type":"EntryPoint","urlTemplate":"https:\/\/michaelwidhalm.com\/?s={search_term_string}"},"query-input":{"@type":"PropertyValueSpecification","valueRequired":true,"valueName":"search_term_string"}}],"inLanguage":"en-US"},{"@type":["Person","Organization"],"@id":"https:\/\/michaelwidhalm.com\/#\/schema\/person\/08fe8f0e77e8154f72c968dabe69fd73","name":"michaelwidhalm","image":{"@type":"ImageObject","inLanguage":"en-US","@id":"https:\/\/michaelwidhalm.com\/wp-content\/uploads\/2023\/08\/mike-Kopie-Kopie.png","url":"https:\/\/michaelwidhalm.com\/wp-content\/uploads\/2023\/08\/mike-Kopie-Kopie.png","contentUrl":"https:\/\/michaelwidhalm.com\/wp-content\/uploads\/2023\/08\/mike-Kopie-Kopie.png","width":1958,"height":1917,"caption":"michaelwidhalm"},"logo":{"@id":"https:\/\/michaelwidhalm.com\/wp-content\/uploads\/2023\/08\/mike-Kopie-Kopie.png"},"sameAs":["http:\/\/michaelwidhalm.com","https:\/\/www.instagram.com\/mikes_creations\/"]}]}},"_links":{"self":[{"href":"https:\/\/michaelwidhalm.com\/en\/wp-json\/wp\/v2\/pages\/203","targetHints":{"allow":["GET"]}}],"collection":[{"href":"https:\/\/michaelwidhalm.com\/en\/wp-json\/wp\/v2\/pages"}],"about":[{"href":"https:\/\/michaelwidhalm.com\/en\/wp-json\/wp\/v2\/types\/page"}],"author":[{"embeddable":true,"href":"https:\/\/michaelwidhalm.com\/en\/wp-json\/wp\/v2\/users\/1"}],"replies":[{"embeddable":true,"href":"https:\/\/michaelwidhalm.com\/en\/wp-json\/wp\/v2\/comments?post=203"}],"version-history":[{"count":10,"href":"https:\/\/michaelwidhalm.com\/en\/wp-json\/wp\/v2\/pages\/203\/revisions"}],"predecessor-version":[{"id":3726,"href":"https:\/\/michaelwidhalm.com\/en\/wp-json\/wp\/v2\/pages\/203\/revisions\/3726"}],"wp:attachment":[{"href":"https:\/\/michaelwidhalm.com\/en\/wp-json\/wp\/v2\/media?parent=203"}],"curies":[{"name":"wp","href":"https:\/\/api.w.org\/{rel}","templated":true}]}}